{"id":14303,"date":"2023-05-01T10:39:38","date_gmt":"2023-05-01T15:39:38","guid":{"rendered":"https:\/\/bonevoyagedogrescue.com\/annette-thompson-directrice\/"},"modified":"2023-05-20T09:55:52","modified_gmt":"2023-05-20T14:55:52","slug":"annette-thompson-directrice","status":"publish","type":"page","link":"https:\/\/bonevoyagedogrescue.com\/fr\/annette-thompson-directrice\/","title":{"rendered":"Annette Thompson, Directrice"},"content":{"rendered":"\n<figure class=\"wp-block-image size-full is-resized\"><img loading=\"lazy\" decoding=\"async\" src=\"https:\/\/bonevoyagedogrescue.com\/wp-content\/uploads\/2023\/03\/annette-thompson-1.jpg\" alt=\"\" class=\"wp-image-5860\" width=\"508\" height=\"508\" title=\"\" srcset=\"https:\/\/bonevoyagedogrescue.com\/wp-content\/uploads\/2023\/03\/annette-thompson-1.jpg 508w, https:\/\/bonevoyagedogrescue.com\/wp-content\/uploads\/2023\/03\/annette-thompson-1-480x480.jpg 480w\" sizes=\"auto, (min-width: 0px) and (max-width: 480px) 480px, (min-width: 481px) 508px, 100vw\" \/><\/figure>\n\n<p>L&rsquo;histoire d&rsquo;Annette Thompson est celle dont r\u00eavent beaucoup de gens : prendre une retraite anticip\u00e9e, laisser derri\u00e8re soi le quotidien du travail et se consacrer \u00e0 une passion. Pour Annette, cette passion \u00e9tait le sauvetage des animaux. Apr\u00e8s avoir pris une retraite anticip\u00e9e \u00e0 l&rsquo;\u00e2ge de 51 ans, Annette et son mari Mike ont quitt\u00e9 College Station, au Texas, pour s&rsquo;installer \u00e0 Ajijic, au Mexique, sur les rives du magnifique lac Chapala. N&rsquo;\u00e9tant jamais du genre \u00e0 n\u00e9gliger un besoin, Annette a remarqu\u00e9 les nombreux chiens et chiots sans abri et a d\u00e9cid\u00e9 de sauver des chiens.<\/p>\n\n<p>Le parcours d&rsquo;Annette vers la retraite et le sauvetage de chiens a commenc\u00e9 lorsqu&rsquo;elle \u00e9tait jeune fille. Elle a grandi au Texas, dans l&rsquo;Ohio et dans l&rsquo;Alberta, au Canada, car son p\u00e8re, ing\u00e9nieur chimiste, a cr\u00e9\u00e9 et dirig\u00e9 des usines de fabrication de mati\u00e8res plastiques \u00e0 quelques ann\u00e9es d&rsquo;intervalle. Annette a grandi en laissant derri\u00e8re elle ses amis humains \u00e0 chaque d\u00e9m\u00e9nagement, mais ses relations avec ses chats et ses chiens lui ont apport\u00e9 l&rsquo;amour et la stabilit\u00e9 dont elle avait besoin.  <\/p>\n\n<p>Annette a fr\u00e9quent\u00e9 l&rsquo;universit\u00e9 Texas A&amp;M o\u00f9 elle a rencontr\u00e9 Mike. Apr\u00e8s avoir obtenu son dipl\u00f4me, elle a poursuivi une carri\u00e8re dans la gestion d&rsquo;organisations \u00e0 but non lucratif en ligne et a cr\u00e9\u00e9 et g\u00e9r\u00e9 des orphelinats en \u00c9thiopie, au Kenya et en Ha\u00efti, tout en r\u00e9alisant des adoptions internationales d&rsquo;enfants par l&rsquo;interm\u00e9diaire de son premier site web, adoption.com. Au cours de cette p\u00e9riode, Annette et Mike ont \u00e9galement adopt\u00e9 six enfants, dont trois en \u00c9thiopie et trois dans le syst\u00e8me am\u00e9ricain de placement familial. Lorsque le travail d&rsquo;ing\u00e9nieur de Mike a commenc\u00e9 \u00e0 exiger de nombreux d\u00e9placements, Annette a cess\u00e9 de travailler dans le domaine de l&rsquo;adoption internationale et est devenue professeur d&rsquo;anglais langue seconde et de pr\u00e9paration au baccalaur\u00e9at dans le syst\u00e8me scolaire local. Elle a ensuite cr\u00e9\u00e9 une soci\u00e9t\u00e9 de recrutement de professeurs d&rsquo;anglais pour des \u00e9coles en Chine.<\/p>\n\n<p>En 2019, \u00e0 l&rsquo;\u00e2ge de 51 ans, Annette et Mike ont d\u00e9cid\u00e9 qu&rsquo;il \u00e9tait temps de prendre leur retraite. Mike avait travaill\u00e9 30 ans dans la m\u00eame entreprise et avait suivi avec diligence les principes financiers de Dave Ramsey, de sorte que le couple avait suffisamment d&rsquo;argent dans son plan 401k pour prendre une retraite anticip\u00e9e. Annette savait d\u00e9j\u00e0 qu&rsquo;elle aimait voyager et d\u00e9couvrir d&rsquo;autres cultures, et elle savait que la retraite \u00e9tait l&rsquo;occasion id\u00e9ale de le faire. Cependant, elle ne voulait pas passer sa retraite \u00e0 se pr\u00e9lasser sur une plage ou \u00e0 faire du tourisme &#8211; elle voulait faire une diff\u00e9rence dans le monde.  <\/p>\n\n<p>Mike et Annette ont d\u00e9cid\u00e9 de prendre leur retraite \u00e0 Ajijic, au Mexique, o\u00f9 le co\u00fbt de la vie \u00e9tait moins \u00e9lev\u00e9 et le temps plus frais qu&rsquo;au Texas. Ajijic, la plus grande communaut\u00e9 d&rsquo;expatri\u00e9s am\u00e9ricains et canadiens au monde, est une colonie d&rsquo;artistes depuis les ann\u00e9es 1950 et compte aujourd&rsquo;hui 10 000 \u00e0 15 000 expatri\u00e9s vivant dans la r\u00e9gion du lac Chapala, selon la p\u00e9riode de l&rsquo;ann\u00e9e. Ajijic se trouve \u00e0 5000 pieds au-dessus du niveau de la mer, comme Denver, ce qui lui conf\u00e8re un climat temp\u00e9r\u00e9 tout au long de l&rsquo;ann\u00e9e&#8230;  <\/p>\n\n<p>Annette et Mike ont d\u00e9couvert Ajijic sur YouTube et ont su d\u00e8s leur premi\u00e8re visite que c&rsquo;\u00e9tait l&rsquo;endroit id\u00e9al pour eux. Les parents d&rsquo;Annette, George et Kay Williams, vivaient pr\u00e8s du couple \u00e0 College Station, au Texas, et les ont donc invit\u00e9s \u00e0 d\u00e9m\u00e9nager avec eux. La m\u00e8re d&rsquo;Annette a eu un accident vasculaire c\u00e9r\u00e9bral en 2017 et d\u00e9veloppait une d\u00e9mence. Mike et Annette savaient donc qu&rsquo;il n&rsquo;\u00e9tait pas question de les laisser au Texas. Ils ont achet\u00e9 une grande maison avec une charmante maison d&rsquo;amis, ce qui leur a permis de concilier intimit\u00e9 et vie en commun. Le faible co\u00fbt des soins infirmiers \u00e0 domicile au Mexique a permis \u00e0 la m\u00e8re d&rsquo;Annette d&rsquo;obtenir des soins \u00e0 domicile 24 heures sur 24 pour seulement 5 USD de l&rsquo;heure.  <\/p>\n\n<p>Avant m\u00eame de s&rsquo;installer au Mexique, Annette a \u00e9t\u00e9 frapp\u00e9e par la situation d\u00e9sastreuse des chiens dans ce pays, o\u00f9 les chiens de rue sont monnaie courante. Beaucoup de ces chiens sont abandonn\u00e9s par leurs propri\u00e9taires ou n\u00e9s dans la rue, et ils souffrent souvent de malnutrition, de maladies et de mauvais traitements. Annette savait qu&rsquo;elle devait faire quelque chose pour aider ces animaux, et c&rsquo;est alors qu&rsquo;elle a d\u00e9cid\u00e9 d&rsquo;en faire son travail b\u00e9n\u00e9vole pour la retraite. En outre, le b\u00e9n\u00e9volat a \u00e9t\u00e9 un excellent moyen de nouer des amiti\u00e9s avec des personnes partageant le m\u00eame \u00e9tat d&rsquo;esprit.<\/p>\n\n<p>Annette a commenc\u00e9 par faire du b\u00e9n\u00e9volat avec Cari LeClair, directrice de Bone Voyage Dog Rescue \u00e0 Ajijic. Bone Voyage \u00e9tait diff\u00e9rent des autres sauvetages car, au lieu de placer les chiens localement, il les envoyait par avion dans des familles d&rsquo;adoption aux \u00c9tats-Unis et au Canada. Au fur et \u00e0 mesure que l&rsquo;organisation grandissait en nombre de b\u00e9n\u00e9voles impliqu\u00e9s et de chiens sauv\u00e9s, Cari a d\u00e9cid\u00e9 de d\u00e9m\u00e9nager \u00e0 Puerto Vallarta et a demand\u00e9 \u00e0 Annette de prendre la direction de Bone Voyage. Comment Annette pourrait-elle dire non ? Chaque jour, elle voit des chiens gravement bless\u00e9s ou malades, dont beaucoup sont au bord de la mort. Mais elle a \u00e9galement constat\u00e9 l&rsquo;incroyable r\u00e9silience et l&rsquo;esprit de ces animaux. Un legs de la tante d&rsquo;Annette, Patricia Mackey, lui a permis d&rsquo;investir l&rsquo;argent n\u00e9cessaire \u00e0 la cr\u00e9ation d&rsquo;un refuge.<\/p>\n\n<p>Le travail d&rsquo;Annette a eu un impact profond sur la vie d&rsquo;innombrables chiens au Mexique. Bone Voyage a sauv\u00e9 plus de 4000 chiens depuis qu&rsquo;Annette s&rsquo;est install\u00e9e \u00e0 Ajijic, et elle continue \u00e0 travailler sans rel\u00e2che pour aider ces animaux. Mais le travail d&rsquo;Annette est loin d&rsquo;\u00eatre termin\u00e9. Elle sait qu&rsquo;il y a encore beaucoup de chiens au Mexique qui souffrent et qui ont besoin d&rsquo;aide. Elle pr\u00e9voit de poursuivre ses efforts de sauvetage aussi longtemps qu&rsquo;elle le pourra, et elle esp\u00e8re que d&rsquo;autres seront inspir\u00e9s de la rejoindre dans la lutte contre la cruaut\u00e9 et la n\u00e9gligence envers les animaux.<\/p>\n\n<p>L&rsquo;histoire d&rsquo;Annette est un t\u00e9moignage du pouvoir de suivre ses passions et de faire la diff\u00e9rence dans le monde. Elle a vu un besoin et a d\u00e9cid\u00e9 d&rsquo;agir. Son d\u00e9vouement pour le sauvetage des animaux a non seulement aid\u00e9 d&rsquo;innombrables chiens au Mexique, mais a \u00e9galement incit\u00e9 d&rsquo;autres personnes \u00e0 s&rsquo;impliquer et \u00e0 faire la diff\u00e9rence. Le travail d&rsquo;Annette met \u00e9galement en lumi\u00e8re l&rsquo;importance du sauvetage des animaux et la n\u00e9cessit\u00e9 d&rsquo;accro\u00eetre les ressources pour soutenir ces organisations.  <\/p>\n\n<p>Dans de nombreuses r\u00e9gions du monde comme le Mexique, les organisations de sauvetage d&rsquo;animaux telles que Bone Voyage Dog Rescue d\u00e9pendent uniquement de la g\u00e9n\u00e9rosit\u00e9 des b\u00e9n\u00e9voles et des dons pour assurer leur fonctionnement. Il n&rsquo;y a pas de financement public. Cela signifie qu&rsquo;ils sont souvent sous-financ\u00e9s et surcharg\u00e9s de travail, ce qui rend difficile la fourniture des soins et du soutien dont les animaux dans le besoin ont besoin.<\/p>\n\n<p>Si vous souhaitez soutenir le sauvetage des animaux, il existe de nombreuses fa\u00e7ons de s&rsquo;impliquer. Donner de l&rsquo;argent, faire du b\u00e9n\u00e9volat et adopter des animaux en d\u00e9tresse sont autant de moyens de faire la diff\u00e9rence. Vous pouvez \u00e9galement contribuer \u00e0 faire conna\u00eetre l&rsquo;importance du sauvetage des animaux et plaider en faveur d&rsquo;un renforcement des lois de protection des animaux au sein de votre communaut\u00e9.<\/p>\n\n<p>L&rsquo;histoire d&rsquo;Annette nous rappelle avec force qu&rsquo;il n&rsquo;est jamais trop tard pour poursuivre ses passions et faire la diff\u00e9rence dans le monde. En suivant son c\u0153ur et en s&rsquo;installant au Mexique pour sauver des chiens, Annette a montr\u00e9 que la retraite n&rsquo;est qu&rsquo;un d\u00e9but. Son travail a non seulement permis de sauver la vie d&rsquo;innombrables chiens, mais il a \u00e9galement incit\u00e9 d&rsquo;autres personnes \u00e0 agir et \u00e0 rendre le monde meilleur pour les animaux.<\/p>\n","protected":false},"excerpt":{"rendered":"<p>L&rsquo;histoire d&rsquo;Annette Thompson est celle dont r\u00eavent beaucoup de gens : prendre une retraite anticip\u00e9e, laisser derri\u00e8re soi le quotidien du travail et se consacrer \u00e0 une passion. Pour Annette, cette passion \u00e9tait le sauvetage des animaux. Apr\u00e8s avoir pris une retraite anticip\u00e9e \u00e0 l&rsquo;\u00e2ge de 51 ans, Annette et son mari Mike ont quitt\u00e9 [&hellip;]<\/p>\n","protected":false},"author":5,"featured_media":11833,"parent":0,"menu_order":0,"comment_status":"closed","ping_status":"closed","template":"","meta":{"_et_pb_use_builder":"on","_et_pb_old_content":"","_et_gb_content_width":"","footnotes":""},"class_list":["post-14303","page","type-page","status-publish","has-post-thumbnail","hentry"],"_links":{"self":[{"href":"https:\/\/bonevoyagedogrescue.com\/fr\/wp-json\/wp\/v2\/pages\/14303","targetHints":{"allow":["GET"]}}],"collection":[{"href":"https:\/\/bonevoyagedogrescue.com\/fr\/wp-json\/wp\/v2\/pages"}],"about":[{"href":"https:\/\/bonevoyagedogrescue.com\/fr\/wp-json\/wp\/v2\/types\/page"}],"author":[{"embeddable":true,"href":"https:\/\/bonevoyagedogrescue.com\/fr\/wp-json\/wp\/v2\/users\/5"}],"replies":[{"embeddable":true,"href":"https:\/\/bonevoyagedogrescue.com\/fr\/wp-json\/wp\/v2\/comments?post=14303"}],"version-history":[{"count":0,"href":"https:\/\/bonevoyagedogrescue.com\/fr\/wp-json\/wp\/v2\/pages\/14303\/revisions"}],"wp:featuredmedia":[{"embeddable":true,"href":"https:\/\/bonevoyagedogrescue.com\/fr\/wp-json\/wp\/v2\/media\/11833"}],"wp:attachment":[{"href":"https:\/\/bonevoyagedogrescue.com\/fr\/wp-json\/wp\/v2\/media?parent=14303"}],"curies":[{"name":"wp","href":"https:\/\/api.w.org\/{rel}","templated":true}]}}