{"id":14296,"date":"2023-04-23T12:58:42","date_gmt":"2023-04-23T17:58:42","guid":{"rendered":"https:\/\/bonevoyagedogrescue.com\/rejoindre-le-conseil-consultatif-de-bone-voyage-dog-rescue\/"},"modified":"2023-05-20T09:55:46","modified_gmt":"2023-05-20T14:55:46","slug":"rejoindre-le-conseil-consultatif-de-bone-voyage-dog-rescue","status":"publish","type":"page","link":"https:\/\/bonevoyagedogrescue.com\/fr\/rejoindre-le-conseil-consultatif-de-bone-voyage-dog-rescue\/","title":{"rendered":"Rejoindre le conseil consultatif de Bone Voyage Dog Rescue"},"content":{"rendered":"\n<figure class=\"wp-block-image aligncenter size-full\"><img loading=\"lazy\" decoding=\"async\" src=\"https:\/\/bonevoyagedogrescue.com\/wp-content\/uploads\/2023\/04\/4f311b47576d9fef72ef8031e1ec1d13.jpg\" alt=\"\" class=\"wp-image-5962\" width=\"0\" height=\"0\" title=\"\" srcset=\"https:\/\/bonevoyagedogrescue.com\/wp-content\/uploads\/2023\/04\/4f311b47576d9fef72ef8031e1ec1d13.jpg 684w, https:\/\/bonevoyagedogrescue.com\/wp-content\/uploads\/2023\/04\/4f311b47576d9fef72ef8031e1ec1d13-480x208.jpg 480w\" sizes=\"auto, (min-width: 0px) and (max-width: 480px) 480px, (min-width: 481px) 684px, 100vw\" \/><\/figure>\n\n<h2 class=\"wp-block-heading has-text-align-center\"><strong>Utilisez votre expertise pour sauver des chiens<\/strong><\/h2>\n\n<p>Vous \u00eates <strong>passionn\u00e9(e) par l&rsquo;aide aux chiens<\/strong> dans le besoin et vous voulez <strong>faire une diff\u00e9rence positive<\/strong> dans le monde ? Pensez \u00e0 poser votre candidature pour devenir membre du <strong>conseil consultatif en ligne<\/strong> de Bone Voyage Dog Rescue. Bien que nous soyons un refuge pour chiens situ\u00e9 \u00e0 Ajijic, au Mexique, qui <strong>envoie des chiens \u00e0 des adoptants aux \u00c9tats-Unis et au Canada<\/strong>, les membres de notre conseil consultatif peuvent <strong>vivre n&rsquo;importe o\u00f9 dans le monde et \u00eatre de n&rsquo;importe quelle nationalit\u00e9<\/strong>. Nos b\u00e9n\u00e9voles sur place \u00e0 Ajijic, au Mexique, sont des <strong>expatri\u00e9s retrait\u00e9s<\/strong> du monde entier.<\/p>\n\n<p>Nous \u00e9largissons notre conseil consultatif et constituons un vivier de candidats potentiels qui r\u00e9pondent \u00e0 nos besoins strat\u00e9giques du moment. Nous encourageons toutes les personnes int\u00e9ress\u00e9es \u00e0 contacter notre directrice ex\u00e9cutive, Annette Thompson, \u00e0 l&rsquo;adresse <a href=\"mailto:Annette@BoneVoyageDogRescue.com\">Annette@BoneVoyageDogRescue.com<\/a> ou \u00e0 discuter avec elle sur WhatsApp au <a href=\"https:\/\/wa.me\/523329718011\" target=\"_blank\" rel=\"noopener\">(52) 332-971-8011<\/a>.  <\/p>\n\n<p>Nous recherchons des personnes passionn\u00e9es par les chiens et ayant de l&rsquo;exp\u00e9rience en.. :<\/p>\n\n<ul class=\"wp-block-list\">\n<li><strong>Comptabilit\u00e9<\/strong><\/li>\n\n\n\n<li><strong>Industrie du transport a\u00e9rien<\/strong><\/li>\n\n\n\n<li><strong>Douanes am\u00e9ricaines ou canadiennes<\/strong><\/li>\n\n\n\n<li><strong>Marketing num\u00e9rique<\/strong><\/li>\n\n\n\n<li><strong>R\u00c9F\u00c9RENCEMENT<\/strong><\/li>\n\n\n\n<li><strong>Ventes d&rsquo;affiliation<\/strong><\/li>\n\n\n\n<li><strong>Cr\u00e9ation de listes<\/strong><\/li>\n\n\n\n<li><strong>R\u00e9daction<\/strong><\/li>\n\n\n\n<li><strong>Programmation<\/strong><\/li>\n\n\n\n<li><strong>Coaching d&rsquo;entreprise<\/strong><\/li>\n\n\n\n<li><strong>Strat\u00e9gie en mati\u00e8re de m\u00e9dias sociaux<\/strong><\/li>\n\n\n\n<li><strong>Gestion du contenu<\/strong><\/li>\n\n\n\n<li><strong>ChatGPT<\/strong><\/li>\n<\/ul>\n\n<p>En tant qu&rsquo;organisation \u00e0 but non lucratif qui sauve et trouve des familles aimantes pour <strong>plus de 1000 chiens chaque ann\u00e9e<\/strong>, Bone Voyage Dog Rescue s&rsquo;appuie sur le soutien de b\u00e9n\u00e9voles d\u00e9vou\u00e9s pour accomplir sa mission. Nous ne recevons aucun financement du gouvernement. Le conseil consultatif joue un r\u00f4le <strong>essentiel en fournissant des conseils et de l&rsquo;expertise<\/strong> pour nous aider \u00e0 atteindre nos objectifs. Un conseil consultatif n&rsquo;est pas l&rsquo;organe directeur l\u00e9gal de l&rsquo;organisation. Il n&rsquo;a donc pas les m\u00eames responsabilit\u00e9s l\u00e9gales et obligations fiduciaires que le conseil d&rsquo;administration.<\/p>\n\n<p>Nous ne voulons pas profiter des membres de notre conseil consultatif. En revanche, nous avons besoin de leurs conseils, de leurs orientations et de leurs encouragements et nous pouvons demander \u00e0 nos b\u00e9n\u00e9voles retrait\u00e9s et \u00e0 nos employ\u00e9s de mettre en \u0153uvre leurs id\u00e9es si n\u00e9cessaire.<\/p>\n\n<p>En plus de sauver la vie de plus de 1000 chiens et chiots sans abri chaque ann\u00e9e, voici 7 autres raisons de faire partie d&rsquo;un conseil consultatif :<\/p>\n\n<ul class=\"wp-block-list\">\n<li><strong>Vous ferez la diff\u00e9rence<\/strong>: Les membres du comit\u00e9 consultatif jouent un r\u00f4le important dans l&rsquo;orientation de la mission et de l&rsquo;impact de Bone Voyage pour r\u00e9pondre aux besoins et aux probl\u00e8mes sociaux.<\/li>\n\n\n\n<li>Vous <strong>rencontrerez des personnes talentueuses et int\u00e9ressantes qui \u00e9largiront votre sph\u00e8re d&rsquo;influence<\/strong>: Si\u00e9ger au sein d&rsquo;un conseil consultatif d&rsquo;une organisation \u00e0 but non lucratif permet de rencontrer et de tisser des liens avec des responsables de la communaut\u00e9, des clients et des partenaires potentiels.<\/li>\n\n\n\n<li>Vous gagnerez <strong>en visibilit\u00e9 et en cr\u00e9dibilit\u00e9<\/strong>: Si\u00e9ger au sein d&rsquo;un conseil consultatif d&rsquo;une organisation \u00e0 but non lucratif peut am\u00e9liorer votre profil au sein de la communaut\u00e9, d\u00e9montrant ainsi votre engagement en mati\u00e8re de responsabilit\u00e9 sociale et d&rsquo;aide \u00e0 autrui.<\/li>\n\n\n\n<li>Vous d\u00e9velopperez de nouvelles comp\u00e9tences en mati\u00e8re de leadership : Si\u00e9ger au sein d&rsquo;un conseil consultatif d&rsquo;une organisation \u00e0 but non lucratif peut vous aider \u00e0 <strong>d\u00e9velopper des comp\u00e9tences en mati\u00e8re de planification strat\u00e9gique, de technique, de gestion d&rsquo;\u00e9quipe et de prise de d\u00e9cision<\/strong>.<\/li>\n\n\n\n<li>Vous apprendrez \u00e0 cr\u00e9er une entreprise : Les membres du comit\u00e9 consultatif de Bone Voyage s&rsquo;occupent de questions de gestion, de marketing, de relations publiques, de finances, de planification strat\u00e9gique, de technologie, de ressources humaines et de gouvernance, ce qui vous donne l&rsquo;occasion de <strong>d\u00e9velopper de nouvelles capacit\u00e9s et de faire cro\u00eetre une entreprise gratuitement<\/strong>.<\/li>\n\n\n\n<li>Vous <strong>solliciterez et exercerez tous vos muscles intellectuels et \u00e9motionnels<\/strong>: La participation \u00e0 un conseil consultatif vous permet de vous investir pleinement dans l&rsquo;organisation et d&rsquo;utiliser vos comp\u00e9tences et votre exp\u00e9rience de la vie pour faire la diff\u00e9rence.<\/li>\n\n\n\n<li>Vous <strong>tomberez encore plus amoureux du sauvetage des chiens<\/strong>: Plus vous \u00eates proche du travail d&rsquo;une organisation \u00e0 but non lucratif, plus vous \u00eates passionn\u00e9 par l&rsquo;id\u00e9e de faire la diff\u00e9rence.<\/li>\n<\/ul>\n\n<p>Les <strong>responsabilit\u00e9s des membres du conseil consultatif<\/strong> sont les suivantes<\/p>\n\n<ul class=\"wp-block-list\">\n<li>Assister \u00e0 trois r\u00e9unions en ligne par an, chacune ayant lieu un jour de semaine<\/li>\n\n\n\n<li>Apportez votre expertise et votre r\u00e9flexion au travail actuel et futur de Bone Voyage<\/li>\n\n\n\n<li>\u00eatre disponible quatre \u00e0 cinq fois par an pour le personnel qui demande des conseils<\/li>\n\n\n\n<li>Permettre \u00e0 Bone Voyage de publier votre nom en tant que membre du Conseil consultatif<\/li>\n<\/ul>\n\n<p>En retour, <strong>Bone Voyage vous promet<\/strong><\/p>\n\n<ul class=\"wp-block-list\">\n<li>Des r\u00e9unions qui commencent et se terminent \u00e0 l&rsquo;heure<\/li>\n\n\n\n<li>Une adoption gratuite pour vous ou un ami pendant votre mandat au sein du Conseil consultatif<\/li>\n\n\n\n<li>Vous pouvez choisir un chien \u00e0 sauver et lui donner un nom pendant votre mandat au sein du Conseil consultatif.<\/li>\n\n\n\n<li>Une appr\u00e9ciation de votre temps et un engagement \u00e0 ne pas abuser de votre temps ou de votre g\u00e9n\u00e9rosit\u00e9<\/li>\n\n\n\n<li>Le mandat du conseil consultatif est d&rsquo;un an.<\/li>\n<\/ul>\n\n<p>Si vous \u00eates int\u00e9ress\u00e9, veuillez envoyer un courriel \u00e0 notre directrice ex\u00e9cutive, Annette Thompson, \u00e0 l&rsquo;adresse <a href=\"mailto:Annette@BoneVoyageDogRescue.com\">Annette@BoneVoyageDogRescue.com<\/a> ou discuter avec elle sur WhatsApp au <a href=\"https:\/\/wa.me\/523329718011\" target=\"_blank\" rel=\"noopener\">(52) 332-971-8011<\/a>.<\/p>\n","protected":false},"excerpt":{"rendered":"<p>Utilisez votre expertise pour sauver des chiens Vous \u00eates passionn\u00e9(e) par l&rsquo;aide aux chiens dans le besoin et vous voulez faire une diff\u00e9rence positive dans le monde ? Pensez \u00e0 poser votre candidature pour devenir membre du conseil consultatif en ligne de Bone Voyage Dog Rescue. Bien que nous soyons un refuge pour chiens situ\u00e9 [&hellip;]<\/p>\n","protected":false},"author":5,"featured_media":0,"parent":0,"menu_order":0,"comment_status":"closed","ping_status":"closed","template":"","meta":{"_et_pb_use_builder":"on","_et_pb_old_content":"","_et_gb_content_width":"","footnotes":""},"class_list":["post-14296","page","type-page","status-publish","hentry"],"_links":{"self":[{"href":"https:\/\/bonevoyagedogrescue.com\/fr\/wp-json\/wp\/v2\/pages\/14296","targetHints":{"allow":["GET"]}}],"collection":[{"href":"https:\/\/bonevoyagedogrescue.com\/fr\/wp-json\/wp\/v2\/pages"}],"about":[{"href":"https:\/\/bonevoyagedogrescue.com\/fr\/wp-json\/wp\/v2\/types\/page"}],"author":[{"embeddable":true,"href":"https:\/\/bonevoyagedogrescue.com\/fr\/wp-json\/wp\/v2\/users\/5"}],"replies":[{"embeddable":true,"href":"https:\/\/bonevoyagedogrescue.com\/fr\/wp-json\/wp\/v2\/comments?post=14296"}],"version-history":[{"count":0,"href":"https:\/\/bonevoyagedogrescue.com\/fr\/wp-json\/wp\/v2\/pages\/14296\/revisions"}],"wp:attachment":[{"href":"https:\/\/bonevoyagedogrescue.com\/fr\/wp-json\/wp\/v2\/media?parent=14296"}],"curies":[{"name":"wp","href":"https:\/\/api.w.org\/{rel}","templated":true}]}}