{"id":14299,"date":"2023-05-01T10:39:38","date_gmt":"2023-05-01T15:39:38","guid":{"rendered":"https:\/\/bonevoyagedogrescue.com\/annette-thompson-directora\/"},"modified":"2023-05-20T09:55:47","modified_gmt":"2023-05-20T14:55:47","slug":"annette-thompson-directora","status":"publish","type":"page","link":"https:\/\/bonevoyagedogrescue.com\/es\/annette-thompson-directora\/","title":{"rendered":"Annette Thompson, Directora"},"content":{"rendered":"\n<figure class=\"wp-block-image size-full is-resized\"><img loading=\"lazy\" decoding=\"async\" src=\"https:\/\/bonevoyagedogrescue.com\/wp-content\/uploads\/2023\/03\/annette-thompson-1.jpg\" alt=\"\" class=\"wp-image-5860\" width=\"508\" height=\"508\" title=\"\" srcset=\"https:\/\/bonevoyagedogrescue.com\/wp-content\/uploads\/2023\/03\/annette-thompson-1.jpg 508w, https:\/\/bonevoyagedogrescue.com\/wp-content\/uploads\/2023\/03\/annette-thompson-1-480x480.jpg 480w\" sizes=\"auto, (min-width: 0px) and (max-width: 480px) 480px, (min-width: 481px) 508px, 100vw\" \/><\/figure>\n\n<p>La historia de Annette Thompson es la que sue\u00f1an muchas personas: jubilarse pronto, dejar atr\u00e1s el ajetreo diario del trabajo y dedicarse a una pasi\u00f3n. Para Annette, esa pasi\u00f3n era el rescate de animales. Tras jubilarse anticipadamente a los 51 a\u00f1os, Annette y su marido Mike se trasladaron de College Station, Texas, a Ajijic, M\u00e9xico, a orillas del hermoso lago de Chapala. Annette, que nunca pasa por alto una necesidad, se dio cuenta de que hab\u00eda muchos perros y cachorros sin hogar y decidi\u00f3 rescatarlos.<\/p>\n\n<p>El camino de Annette hacia la jubilaci\u00f3n y el rescate canino comenz\u00f3 cuando era una ni\u00f1a. Creci\u00f3 en Texas, Ohio y Alberta (Canad\u00e1), ya que su padre era un ingeniero qu\u00edmico que creaba y dirig\u00eda plantas de fabricaci\u00f3n de pl\u00e1sticos cada pocos a\u00f1os. Annette creci\u00f3 teniendo que dejar atr\u00e1s a sus amigos humanos con cada mudanza, pero lo que sus relaciones con sus gatos y perros de compa\u00f1\u00eda le proporcionaron fue el cari\u00f1o y la estabilidad que necesitaba.  <\/p>\n\n<p>Annette estudi\u00f3 en la Universidad A&amp;M de Texas, donde conoci\u00f3 a Mike. Tras graduarse, se dedic\u00f3 a la gesti\u00f3n de organizaciones sin \u00e1nimo de lucro en Internet y fund\u00f3 y gestion\u00f3 orfanatos en Etiop\u00eda, Kenia y Hait\u00ed, adem\u00e1s de realizar adopciones internacionales de ni\u00f1os a trav\u00e9s de su primer sitio web, adoption.com. Durante ese tiempo, Annette y Mike tambi\u00e9n adoptaron 6 ni\u00f1os, 3 de Etiop\u00eda y 3 del sistema de acogida estadounidense. Cuando el trabajo de Mike como ingeniero empez\u00f3 a requerir viajar mucho, Annette dej\u00f3 de trabajar en adopciones internacionales y se convirti\u00f3 en profesora de ESL y GED en el sistema escolar local. A continuaci\u00f3n, cre\u00f3 una empresa de contrataci\u00f3n de profesores de ingl\u00e9s para escuelas de China.<\/p>\n\n<p>En 2019, a la edad de 51 a\u00f1os, Annette y Mike decidieron que era hora de jubilarse. Mike hab\u00eda trabajado 30 a\u00f1os en la misma empresa y hab\u00eda seguido diligentemente los principios financieros de Dave Ramsey, por lo que la pareja ten\u00eda suficiente dinero en su 401k para jubilarse anticipadamente. Annette ya sab\u00eda que le gustaba viajar y conocer culturas diferentes, y sab\u00eda que la jubilaci\u00f3n era la oportunidad perfecta para hacerlo. Sin embargo, no quer\u00eda pasar su jubilaci\u00f3n descansando en la playa o haciendo turismo: quer\u00eda cambiar las cosas en el mundo.  <\/p>\n\n<p>Mike y Annette decidieron retirarse a Ajijic, M\u00e9xico, donde el coste de la vida era m\u00e1s bajo y el clima m\u00e1s fresco que en Texas. Ajijic, la mayor comunidad de expatriados estadounidenses y canadienses del mundo, ha sido una colonia de artistas desde la d\u00e9cada de 1950 y en la actualidad cuenta con 10.000-15.000 expatriados que viven en la zona del lago de Chapala, dependiendo de la \u00e9poca del a\u00f1o. Ajijic est\u00e1 a 1.000 metros sobre el nivel del mar, como Denver, lo que da lugar a un clima templado todo el a\u00f1o.  <\/p>\n\n<p>Annette y Mike se enteraron de Ajijic a trav\u00e9s de YouTube y desde su primera visita supieron que era el lugar para ellos. Los padres de Annette, George y Kay Williams, viv\u00edan cerca de la pareja en College Station (Texas), as\u00ed que les invitaron a mudarse con ellos. La mam\u00e1 de Annette tuvo un derrame cerebral en 2017 y estaba desarrollando demencia, por lo que Mike y Annette sab\u00edan que dejarlos atr\u00e1s en Texas no era una opci\u00f3n. Compraron una casa grande con una encantadora casa de invitados que proporcionaba la mezcla perfecta de intimidad y vida compartida. El bajo coste de los cuidados de enfermer\u00eda a domicilio en M\u00e9xico permiti\u00f3 a la madre de Annette obtener atenci\u00f3n domiciliaria las 24 horas del d\u00eda por s\u00f3lo 5 USD la hora.  <\/p>\n\n<p>Incluso antes de mudarse a M\u00e9xico, Annette estaba impresionada por la grave situaci\u00f3n de los perros en M\u00e9xico, donde los perros de la calle son habituales. Muchos de estos perros son abandonados por sus due\u00f1os o nacen en la calle, y a menudo sufren desnutrici\u00f3n, enfermedades y malos tratos. Annette sab\u00eda que ten\u00eda que hacer algo para ayudar a estos animales, y fue entonces cuando decidi\u00f3 convertirlo en su trabajo voluntario para la jubilaci\u00f3n. Una ventaja a\u00f1adida fue que el voluntariado constituy\u00f3 una magn\u00edfica forma de entablar amistad con personas de ideas afines.<\/p>\n\n<p>Annette empez\u00f3 como voluntaria con Cari LeClair, directora de Bone Voyage Dog Rescue en Ajijic. Bone Voyage era diferente de otros rescates porque, en lugar de colocar a los perros localmente, los enviaban en avi\u00f3n a familias adoptivas de Estados Unidos y Canad\u00e1. A medida que la organizaci\u00f3n crec\u00eda en n\u00famero de voluntarios implicados y de perros salvados, Cari decidi\u00f3 trasladarse a Puerto Vallarta y pidi\u00f3 a Annette que se hiciera cargo de la direcci\u00f3n de Bone Voyage. \u00bfC\u00f3mo podr\u00eda Annette decir que no? Todos los d\u00edas ve\u00eda perros con graves heridas y enfermedades, muchos de ellos al borde de la muerte. Pero tambi\u00e9n vio la incre\u00edble resistencia y esp\u00edritu de estos animales. Un legado de la t\u00eda de Annette, Patricia Mackey, le permiti\u00f3 invertir el dinero necesario para crear un refugio.<\/p>\n\n<p>El trabajo de Annette ha tenido un profundo impacto en la vida de innumerables perros en M\u00e9xico. Bone Voyage ha rescatado a m\u00e1s de 4000 perros desde que Annette se traslad\u00f3 a Ajijic, y sigue trabajando incansablemente para ayudar a estos animales. Pero el trabajo de Annette dista mucho de haber terminado. Sabe que a\u00fan hay muchos perros en M\u00e9xico que sufren y necesitan ayuda. Piensa seguir rescatando animales mientras pueda, y espera que otros se animen a unirse a ella en la lucha contra la crueldad y el abandono de los animales.<\/p>\n\n<p>La historia de Annette es un testimonio del poder de seguir tus pasiones y marcar la diferencia en el mundo. Vio una necesidad y decidi\u00f3 pasar a la acci\u00f3n. Su dedicaci\u00f3n al rescate de animales no s\u00f3lo ha ayudado a innumerables perros en M\u00e9xico, sino que tambi\u00e9n ha inspirado a otros a involucrarse y marcar la diferencia. El trabajo de Annette tambi\u00e9n pone de relieve la importancia del rescate de animales y la necesidad de m\u00e1s recursos para apoyar a estas organizaciones.  <\/p>\n\n<p>En muchas partes del mundo como M\u00e9xico, las organizaciones de rescate animal como Bone Voyage Dog Rescue dependen \u00fanicamente de la generosidad de voluntarios y donaciones para mantener sus operaciones en funcionamiento. No hay financiaci\u00f3n p\u00fablica. Esto significa que a menudo est\u00e1n infradotados de fondos y sobrecargados de trabajo, lo que dificulta la prestaci\u00f3n de los cuidados y el apoyo que requieren los animales necesitados.<\/p>\n\n<p>Si le interesa apoyar el rescate de animales, hay muchas formas de participar. Donar dinero, ofrecer tu tiempo como voluntario y adoptar animales rescatados son formas estupendas de marcar la diferencia. Tambi\u00e9n puede ayudar concienciando sobre la importancia del rescate de animales y abogando por leyes de protecci\u00f3n animal m\u00e1s estrictas en su comunidad.<\/p>\n\n<p>La historia de Annette es un poderoso recordatorio de que nunca es demasiado tarde para perseguir tus pasiones y marcar la diferencia en el mundo. Siguiendo su coraz\u00f3n y traslad\u00e1ndose a M\u00e9xico para rescatar perros, Annette ha demostrado que la jubilaci\u00f3n es s\u00f3lo el principio. Su trabajo no s\u00f3lo ha salvado la vida de innumerables perros, sino que tambi\u00e9n ha inspirado a otros a actuar y hacer del mundo un lugar mejor para los animales.<\/p>\n","protected":false},"excerpt":{"rendered":"<p>La historia de Annette Thompson es la que sue\u00f1an muchas personas: jubilarse pronto, dejar atr\u00e1s el ajetreo diario del trabajo y dedicarse a una pasi\u00f3n. Para Annette, esa pasi\u00f3n era el rescate de animales. Tras jubilarse anticipadamente a los 51 a\u00f1os, Annette y su marido Mike se trasladaron de College Station, Texas, a Ajijic, M\u00e9xico, [&hellip;]<\/p>\n","protected":false},"author":5,"featured_media":11834,"parent":0,"menu_order":0,"comment_status":"closed","ping_status":"closed","template":"","meta":{"_et_pb_use_builder":"on","_et_pb_old_content":"","_et_gb_content_width":"","footnotes":""},"class_list":["post-14299","page","type-page","status-publish","has-post-thumbnail","hentry"],"_links":{"self":[{"href":"https:\/\/bonevoyagedogrescue.com\/es\/wp-json\/wp\/v2\/pages\/14299","targetHints":{"allow":["GET"]}}],"collection":[{"href":"https:\/\/bonevoyagedogrescue.com\/es\/wp-json\/wp\/v2\/pages"}],"about":[{"href":"https:\/\/bonevoyagedogrescue.com\/es\/wp-json\/wp\/v2\/types\/page"}],"author":[{"embeddable":true,"href":"https:\/\/bonevoyagedogrescue.com\/es\/wp-json\/wp\/v2\/users\/5"}],"replies":[{"embeddable":true,"href":"https:\/\/bonevoyagedogrescue.com\/es\/wp-json\/wp\/v2\/comments?post=14299"}],"version-history":[{"count":0,"href":"https:\/\/bonevoyagedogrescue.com\/es\/wp-json\/wp\/v2\/pages\/14299\/revisions"}],"wp:featuredmedia":[{"embeddable":true,"href":"https:\/\/bonevoyagedogrescue.com\/es\/wp-json\/wp\/v2\/media\/11834"}],"wp:attachment":[{"href":"https:\/\/bonevoyagedogrescue.com\/es\/wp-json\/wp\/v2\/media?parent=14299"}],"curies":[{"name":"wp","href":"https:\/\/api.w.org\/{rel}","templated":true}]}}