{"id":14292,"date":"2023-04-23T12:58:42","date_gmt":"2023-04-23T17:58:42","guid":{"rendered":"https:\/\/bonevoyagedogrescue.com\/unase-al-consejo-asesor-de-bone-voyage-dog-rescue\/"},"modified":"2023-05-20T09:55:45","modified_gmt":"2023-05-20T14:55:45","slug":"unase-al-consejo-asesor-de-bone-voyage-dog-rescue","status":"publish","type":"page","link":"https:\/\/bonevoyagedogrescue.com\/es\/unase-al-consejo-asesor-de-bone-voyage-dog-rescue\/","title":{"rendered":"\u00danase al Consejo Asesor de Bone Voyage Dog Rescue"},"content":{"rendered":"\n<figure class=\"wp-block-image aligncenter size-full\"><img loading=\"lazy\" decoding=\"async\" src=\"https:\/\/bonevoyagedogrescue.com\/wp-content\/uploads\/2023\/04\/4f311b47576d9fef72ef8031e1ec1d13.jpg\" alt=\"\" class=\"wp-image-5962\" width=\"0\" height=\"0\" title=\"\" srcset=\"https:\/\/bonevoyagedogrescue.com\/wp-content\/uploads\/2023\/04\/4f311b47576d9fef72ef8031e1ec1d13.jpg 684w, https:\/\/bonevoyagedogrescue.com\/wp-content\/uploads\/2023\/04\/4f311b47576d9fef72ef8031e1ec1d13-480x208.jpg 480w\" sizes=\"auto, (min-width: 0px) and (max-width: 480px) 480px, (min-width: 481px) 684px, 100vw\" \/><\/figure>\n\n<h2 class=\"wp-block-heading has-text-align-center\"><strong>Utilice su experiencia para salvar perros<\/strong><\/h2>\n\n<p>\u00bfTe <strong>apasiona ayudar a los perros<\/strong> necesitados y marcar una <strong>diferencia positiva<\/strong> en el mundo? Considere la posibilidad de solicitar ser miembro del <strong>consejo asesor en l\u00ednea<\/strong> de Bone Voyage Dog Rescue. Aunque somos un refugio y centro de rescate canino en Ajijic, M\u00e9xico, que <strong>lleva perros en avi\u00f3n a adoptantes en Estados Unidos y Canad\u00e1<\/strong>, los miembros de nuestro consejo asesor pueden <strong>vivir en cualquier parte del mundo y ser de cualquier nacionalidad<\/strong>. Nuestros voluntarios in situ en Ajijic, M\u00e9xico, son <strong>expatriados jubilados<\/strong> de todo el mundo.<\/p>\n\n<p>Estamos ampliando nuestro consejo asesor y elaborando una lista de posibles candidatos que respondan a nuestras necesidades estrat\u00e9gicas en este momento. Animamos a todos los interesados a ponerse en contacto con nuestra Directora Ejecutiva, Annette Thompson, en <a href=\"mailto:Annette@BoneVoyageDogRescue.com\">Annette@BoneVoyageDogRescue.com<\/a> o a chatear con ella por WhatsApp en el <a href=\"https:\/\/wa.me\/523329718011\" target=\"_blank\" rel=\"noopener\">(52) 332-971-8011<\/a>.  <\/p>\n\n<p>Buscamos personas apasionadas por los perros y con experiencia en:<\/p>\n\n<ul class=\"wp-block-list\">\n<li><strong>Contabilidad<\/strong><\/li>\n\n\n\n<li><strong>Industria a\u00e9rea<\/strong><\/li>\n\n\n\n<li><strong>Aduanas de EE.UU. o Canad\u00e1<\/strong><\/li>\n\n\n\n<li><strong>Marketing digital<\/strong><\/li>\n\n\n\n<li><strong>SEO<\/strong><\/li>\n\n\n\n<li><strong>Ventas de afiliados<\/strong><\/li>\n\n\n\n<li><strong>Creaci\u00f3n de listas<\/strong><\/li>\n\n\n\n<li><strong>Redacci\u00f3n publicitaria<\/strong><\/li>\n\n\n\n<li><strong>Programaci\u00f3n<\/strong><\/li>\n\n\n\n<li><strong>Coaching empresarial<\/strong><\/li>\n\n\n\n<li><strong>Estrategia de redes sociales<\/strong><\/li>\n\n\n\n<li><strong>Gesti\u00f3n de contenidos<\/strong><\/li>\n\n\n\n<li><strong>ChatGPT<\/strong><\/li>\n<\/ul>\n\n<p>Como organizaci\u00f3n sin \u00e1nimo de lucro que rescata y encuentra familias cari\u00f1osas para <strong>m\u00e1s de 1.000 perros al a\u00f1o<\/strong>, Bone Voyage Dog Rescue depende del apoyo de voluntarios entregados para cumplir nuestra misi\u00f3n. No recibimos financiaci\u00f3n p\u00fablica. El consejo asesor desempe\u00f1a un <strong>papel fundamental al proporcionar orientaci\u00f3n y experiencia<\/strong> para ayudarnos a alcanzar nuestros objetivos. Un consejo asesor no es el \u00f3rgano de gobierno legal de la organizaci\u00f3n, por lo que no tendr\u00eda las mismas responsabilidades legales y obligaciones fiduciarias que el consejo de administraci\u00f3n.<\/p>\n\n<p>No queremos aprovecharnos de los miembros de nuestro consejo asesor. En cambio, necesitamos su consejo, orientaci\u00f3n y aliento, y podemos hacer que nuestros voluntarios jubilados y nuestros empleados pongan en pr\u00e1ctica sus ideas cuando sea necesario.<\/p>\n\n<p>Adem\u00e1s de salvar la vida de m\u00e1s de 1.000 perros y cachorros sin hogar cada a\u00f1o, he aqu\u00ed otras 7 razones para formar parte de un consejo asesor:<\/p>\n\n<ul class=\"wp-block-list\">\n<li><strong>T\u00fa marcar\u00e1s la diferencia<\/strong>: Los miembros del consejo asesor desempe\u00f1an un papel importante a la hora de orientar la misi\u00f3n y el impacto de Bone Voyage para abordar las necesidades y los problemas sociales.<\/li>\n\n\n\n<li><strong>Conocer\u00e1 a personas interesantes y con talento que ampliar\u00e1n su esfera de influencia<\/strong>: Formar parte de una junta consultiva de una organizaci\u00f3n sin \u00e1nimo de lucro te brinda la oportunidad de conocer y relacionarte con l\u00edderes de la comunidad, clientes potenciales y socios.<\/li>\n\n\n\n<li>Ganar\u00e1 <strong>en visibilidad y credibilidad<\/strong>: Formar parte de un consejo asesor de una organizaci\u00f3n sin \u00e1nimo de lucro puede elevar su perfil en la comunidad, demostrando su compromiso con la responsabilidad social y la retribuci\u00f3n.<\/li>\n\n\n\n<li>Desarrollar\u00e1s nuevas habilidades de liderazgo: Formar parte de un consejo asesor de una organizaci\u00f3n sin \u00e1nimo de lucro puede ayudarte a <strong>desarrollar habilidades de planificaci\u00f3n estrat\u00e9gica, tecnolog\u00eda, gesti\u00f3n de equipos y toma de decisiones<\/strong>.<\/li>\n\n\n\n<li>Aprender\u00e1s a crear una empresa: Los miembros del consejo asesor de Bone Voyage se ocupan de temas de gesti\u00f3n, marketing, relaciones p\u00fablicas, finanzas, planificaci\u00f3n estrat\u00e9gica, tecnolog\u00eda, recursos humanos y gobernanza, lo que te dar\u00e1 la <strong>oportunidad de desarrollar nuevas capacidades y hacer crecer un negocio de forma gratuita<\/strong>.<\/li>\n\n\n\n<li><strong>Estirar\u00e1s y ejercitar\u00e1s todos tus m\u00fasculos intelectuales y emocionales<\/strong>: Los consejos asesores te permiten aportar todo lo que llevas dentro a la organizaci\u00f3n y utilizar tus conocimientos y experiencia vital para marcar la diferencia.<\/li>\n\n\n\n<li>Te <strong>enamorar\u00e1s m\u00e1s de salvar perros<\/strong>: Cuanto m\u00e1s cerca est\u00e9s del trabajo de una organizaci\u00f3n sin \u00e1nimo de lucro, m\u00e1s te apasionar\u00e1 marcar la diferencia.<\/li>\n<\/ul>\n\n<p><strong>Las responsabilidades de los miembros del Consejo Asesor<\/strong> son:<\/p>\n\n<ul class=\"wp-block-list\">\n<li>Asistir a tres reuniones en l\u00ednea al a\u00f1o, cada una de ellas en un d\u00eda laborable.<\/li>\n\n\n\n<li>Aporta tu experiencia y tus ideas al trabajo actual y futuro de Bone Voyage.<\/li>\n\n\n\n<li>Estar disponible cuatro o cinco veces al a\u00f1o para el personal que solicite asesoramiento.<\/li>\n\n\n\n<li>Permitir que Bone Voyage publique su nombre como miembro del Consejo Asesor<\/li>\n<\/ul>\n\n<p>A cambio, <strong>Bone Voyage te promete<\/strong>:<\/p>\n\n<ul class=\"wp-block-list\">\n<li>Reuniones que empiezan y terminan a tiempo<\/li>\n\n\n\n<li>Una adopci\u00f3n gratuita para usted o un amigo durante su mandato en el Consejo Consultivo<\/li>\n\n\n\n<li>Puede elegir un perro para salvarlo y ponerle nombre durante su mandato en el Consejo Consultivo<\/li>\n\n\n\n<li>Apreciar su tiempo y comprometerse a no abusar de \u00e9l ni de su generosidad.<\/li>\n\n\n\n<li>El mandato del Consejo Consultivo es de un a\u00f1o.<\/li>\n<\/ul>\n\n<p>Si est\u00e1s interesado, env\u00eda un correo electr\u00f3nico a nuestra Directora Ejecutiva, Annette Thompson, a <a href=\"mailto:Annette@BoneVoyageDogRescue.com\">Annette@BoneVoyageDogRescue.com<\/a> o chatea con ella por WhatsApp al <a href=\"https:\/\/wa.me\/523329718011\" target=\"_blank\" rel=\"noopener\">(52) 332-971-8011<\/a>.<\/p>\n","protected":false},"excerpt":{"rendered":"<p>Utilice su experiencia para salvar perros \u00bfTe apasiona ayudar a los perros necesitados y marcar una diferencia positiva en el mundo? Considere la posibilidad de solicitar ser miembro del consejo asesor en l\u00ednea de Bone Voyage Dog Rescue. Aunque somos un refugio y centro de rescate canino en Ajijic, M\u00e9xico, que lleva perros en avi\u00f3n [&hellip;]<\/p>\n","protected":false},"author":5,"featured_media":0,"parent":0,"menu_order":0,"comment_status":"closed","ping_status":"closed","template":"","meta":{"_et_pb_use_builder":"on","_et_pb_old_content":"","_et_gb_content_width":"","footnotes":""},"class_list":["post-14292","page","type-page","status-publish","hentry"],"_links":{"self":[{"href":"https:\/\/bonevoyagedogrescue.com\/es\/wp-json\/wp\/v2\/pages\/14292","targetHints":{"allow":["GET"]}}],"collection":[{"href":"https:\/\/bonevoyagedogrescue.com\/es\/wp-json\/wp\/v2\/pages"}],"about":[{"href":"https:\/\/bonevoyagedogrescue.com\/es\/wp-json\/wp\/v2\/types\/page"}],"author":[{"embeddable":true,"href":"https:\/\/bonevoyagedogrescue.com\/es\/wp-json\/wp\/v2\/users\/5"}],"replies":[{"embeddable":true,"href":"https:\/\/bonevoyagedogrescue.com\/es\/wp-json\/wp\/v2\/comments?post=14292"}],"version-history":[{"count":0,"href":"https:\/\/bonevoyagedogrescue.com\/es\/wp-json\/wp\/v2\/pages\/14292\/revisions"}],"wp:attachment":[{"href":"https:\/\/bonevoyagedogrescue.com\/es\/wp-json\/wp\/v2\/media?parent=14292"}],"curies":[{"name":"wp","href":"https:\/\/api.w.org\/{rel}","templated":true}]}}