{"id":14261,"date":"2023-01-12T14:59:57","date_gmt":"2023-01-12T20:59:57","guid":{"rendered":"https:\/\/bonevoyagedogrescue.com\/acerca-de-bone-voyage\/"},"modified":"2023-05-20T09:55:36","modified_gmt":"2023-05-20T14:55:36","slug":"acerca-de-bone-voyage","status":"publish","type":"page","link":"https:\/\/bonevoyagedogrescue.com\/es\/acerca-de-bone-voyage\/","title":{"rendered":"Acerca de Bone Voyage"},"content":{"rendered":"\n[et_pb_section fb_built=\u00bb1&#8243; fullwidth=\u00bbon\u00bb _builder_version=\u00bb4.19.4&#8243; _module_preset=\u00bbdefault\u00bb bottom_divider_style=\u00bbwave2&#8243; bottom_divider_color=\u00bb#aadecd\u00bb bottom_divider_height=\u00bb80px\u00bb bottom_divider_flip=\u00bbhorizontal\u00bb locked=\u00bboff\u00bb global_colors_info=\u00bb{}\u00bb][et_pb_fullwidth_header title=\u00bbTrabajar juntos para rescatar perros y darles un futuro brillante\u00bb background_overlay_color=\u00bbrgba(12,113,195,0.05)\u00bb _builder_version=\u00bb4.21.0&#8243; _module_preset=\u00bbdefault\u00bb title_font=\u00bb|700|||||||\u00bb title_text_align=\u00bbcenter\u00bb title_font_size=\u00bb4.5em\u00bb title_letter_spacing=\u00bb2px\u00bb title_line_height=\u00bb1.1em\u00bb background_color=\u00bb#aadecd\u00bb background_image=\u00bbhttps:\/\/bonevoyagedogrescue.com\/wp-content\/uploads\/2023\/05\/bvdr-whoweare-banner.webp\u00bb custom_margin=\u00bb||||false|false\u00bb custom_padding=\u00bb||||true|false\u00bb custom_padding_tablet=\u00bb||||true|false\u00bb custom_padding_phone=\u00bb||||true|false\u00bb custom_padding_last_edited=\u00bbon|phone\u00bb hover_enabled=\u00bb0&#8243; title_text_align_tablet=\u00bb\u00bb title_text_align_phone=\u00bbcenter\u00bb title_text_align_last_edited=\u00bbon|phone\u00bb title_font_size_tablet=\u00bb3.5em\u00bb title_font_size_phone=\u00bb3em\u00bb title_font_size_last_edited=\u00bbon|tablet\u00bb background_last_edited=\u00bbon|phone\u00bb background_vertical_offset_phone=\u00bb55%\u00bb title_text_shadow_style=\u00bbpreset1&#8243; text_shadow_style=\u00bbpreset3&#8243; text_shadow_color=\u00bb#000000&#8243; global_colors_info=\u00bb{}\u00bb title_text=\u00bbbvdr-whoweare-banner\u00bb sticky_enabled=\u00bb0&#8243;][\/et_pb_fullwidth_header][\/et_pb_section][et_pb_section fb_built=\u00bb1&#8243; _builder_version=\u00bb4.19.4&#8243; _module_preset=\u00bbdefault\u00bb top_divider_style=\u00bbwave2&#8243; top_divider_color=\u00bb#aadecd\u00bb top_divider_height=\u00bb60px\u00bb top_divider_repeat=\u00bb2x\u00bb top_divider_flip=\u00bbhorizontal\u00bb global_colors_info=\u00bb{}\u00bb][et_pb_row custom_padding_last_edited=\u00bbon|phone\u00bb _builder_version=\u00bb4.19.4&#8243; _module_preset=\u00bbdefault\u00bb custom_margin=\u00bb25px||||false|false\u00bb custom_padding=\u00bb||0px||false|false\u00bb custom_padding_tablet=\u00bb||60px||false|false\u00bb custom_padding_phone=\u00bb||0px||false|false\u00bb global_colors_info=\u00bb{}\u00bb][et_pb_column type=\u00bb4_4&#8243; _builder_version=\u00bb4.19.3&#8243; _module_preset=\u00bbdefault\u00bb global_colors_info=\u00bb{}\u00bb][et_pb_text _builder_version=\u00bb4.19.5&#8243; _module_preset=\u00bbdefault\u00bb text_font=\u00bb||||||||\u00bb text_font_size=\u00bb21px\u00bb text_line_height=\u00bb2em\u00bb header_2_text_align=\u00bbcenter\u00bb header_2_font_size=\u00bb3.5rem\u00bb header_3_text_align=\u00bbcenter\u00bb header_3_font_size=\u00bb3rem\u00bb text_font_size_tablet=\u00bb22px\u00bb text_font_size_phone=\u00bb20px\u00bb text_font_size_last_edited=\u00bbon|tablet\u00bb header_2_font_size_tablet=\u00bb3.5rem\u00bb header_2_font_size_phone=\u00bb3rem\u00bb header_2_font_size_last_edited=\u00bbon|phone\u00bb header_3_text_align_tablet=\u00bbcenter\u00bb header_3_text_align_phone=\u00bbcenter\u00bb header_3_text_align_last_edited=\u00bbon|tablet\u00bb text_orientation_tablet=\u00bb\u00bb text_orientation_phone=\u00bbcenter\u00bb text_orientation_last_edited=\u00bbon|tablet\u00bb locked=\u00bboff\u00bb global_colors_info=\u00bb{}\u00bb]<h2>Rescate canino Bone Voyage<\/h2>[\/et_pb_text][et_pb_image src=\u00bbhttps:\/\/bonevoyagedogrescue.com\/wp-content\/uploads\/2023\/05\/bvdr-community-0.webp\u00bb title_text=\u00bbbvdr-comunidad-0&#8243; show_in_lightbox=\u00bbon\u00bb align=\u00bbcenter\u00bb _builder_version=\u00bb4.21.0&#8243; _module_preset=\u00bbdefault\u00bb width=\u00bb80%\u00bb width_tablet=\u00bb85%\u00bb width_phone=\u00bb100%\u00bb width_last_edited=\u00bbon|phone\u00bb custom_padding=\u00bb||||false|false\u00bb custom_padding_tablet=\u00bb||10px||false|false\u00bb custom_padding_phone=\u00bb||||false|false\u00bb custom_padding_last_edited=\u00bbon|phone\u00bb hover_enabled=\u00bb0&#8243; border_radii=\u00bbon|25px|25px|25px|25px\u00bb box_shadow_style=\u00bbpreset5&#8243; box_shadow_horizontal=\u00bb-7px\u00bb box_shadow_vertical=\u00bb5px\u00bb box_shadow_spread=\u00bb5px\u00bb box_shadow_color=\u00bb#00be85&#8243; global_colors_info=\u00bb{}\u00bb transform_styles__hover_enabled=\u00bbon|hover\u00bb transform_scale__hover_enabled=\u00bbon|hover\u00bb transform_translate__hover_enabled=\u00bbon|desktop\u00bb transform_rotate__hover_enabled=\u00bbon|desktop\u00bb transform_skew__hover_enabled=\u00bbon|desktop\u00bb transform_origin__hover_enabled=\u00bbon|desktop\u00bb transform_scale__hover=\u00bb105%|105%\u00bb sticky_enabled=\u00bb0&#8243;][\/et_pb_image][et_pb_text _builder_version=\u00bb4.20.0&#8243; _module_preset=\u00bbdefault\u00bb text_font=\u00bb||||||||\u00bb text_font_size=\u00bb22px\u00bb text_line_height=\u00bb1.4em\u00bb header_2_font_size=\u00bb3.5rem\u00bb header_3_text_align=\u00bbcenter\u00bb header_3_font_size=\u00bb3rem\u00bb text_orientation=\u00bbjustified\u00bb custom_padding=\u00bb50px||50px||true|false\u00bb custom_padding_tablet=\u00bb0px||0px||true|false\u00bb custom_padding_phone=\u00bb0px||0px||true|false\u00bb custom_padding_last_edited=\u00bbon|phone\u00bb text_font_size_tablet=\u00bb20px\u00bb text_font_size_phone=\u00bb21px\u00bb text_font_size_last_edited=\u00bbon|tablet\u00bb header_font_size_tablet=\u00bb3.5rem\u00bb header_font_size_phone=\u00bb3.5rem\u00bb header_font_size_last_edited=\u00bbon|tablet\u00bb header_2_font_size_tablet=\u00bb3.5rem\u00bb header_2_font_size_phone=\u00bb3.5rem\u00bb header_2_font_size_last_edited=\u00bbon|tablet\u00bb header_3_text_align_tablet=\u00bbcenter\u00bb header_3_text_align_phone=\u00bbcenter\u00bb header_3_text_align_last_edited=\u00bbon|tablet\u00bb text_orientation_tablet=\u00bb\u00bb text_orientation_phone=\u00bbcenter\u00bb text_orientation_last_edited=\u00bbon|tablet\u00bb locked=\u00bboff\u00bb global_colors_info=\u00bb{}\u00bb]<p><span>El BVDR es una organizaci\u00f3n sin \u00e1nimo de lucro dirigida por jubilados estadounidenses y canadienses. Ayudamos a <a href=\"https:\/\/bonevoyagedogrescue.com\/wonder-why-people-in-the-states-and-canada-are-adopting-our-mexican-dogs\/\">rescatar perros mexicanos<\/a> y a encontrarles familias adoptivas en Estados Unidos y Canad\u00e1.  <\/span><span>Gracias a los cari\u00f1osos cuidados de acogida, la atenci\u00f3n veterinaria y los servicios de transporte, los perros del BVDR tienen un futuro prometedor.  <\/span><\/p>\n<p><span>Tambi\u00e9n ayudamos a particulares que encuentran perros callejeros y no saben qu\u00e9 hacer con ellos. Todos somos voluntarios que trabajamos juntos para intentar reducir al m\u00ednimo la cantidad de perros sin hogar en la zona.<\/span><\/p>\n<p><quillbot-extension-portal><\/quillbot-extension-portal><\/p>[\/et_pb_text][et_pb_text _builder_version=\u00bb4.21.0&#8243; _module_preset=\u00bbdefault\u00bb text_font=\u00bb||||||||\u00bb text_font_size=\u00bb19px\u00bb text_line_height=\u00bb2em\u00bb header_2_text_align=\u00bbcenter\u00bb header_2_font_size=\u00bb2.5rem\u00bb header_3_text_align=\u00bbcenter\u00bb header_3_font_size=\u00bb3rem\u00bb text_font_size_tablet=\u00bb22px\u00bb text_font_size_phone=\u00bb20px\u00bb text_font_size_last_edited=\u00bbon|tablet\u00bb header_2_font_size_tablet=\u00bb3.5rem\u00bb header_2_font_size_phone=\u00bb2.5rem\u00bb header_2_font_size_last_edited=\u00bbon|phone\u00bb header_3_text_align_tablet=\u00bbcenter\u00bb header_3_text_align_phone=\u00bbcenter\u00bb header_3_text_align_last_edited=\u00bbon|tablet\u00bb header_3_font_size_tablet=\u00bb3rem\u00bb header_3_font_size_phone=\u00bb2.5rem\u00bb header_3_font_size_last_edited=\u00bbon|phone\u00bb text_orientation_tablet=\u00bb\u00bb text_orientation_phone=\u00bbcenter\u00bb text_orientation_last_edited=\u00bbon|tablet\u00bb locked=\u00bboff\u00bb global_colors_info=\u00bb{}\u00bb]<h2>Conozca a la gente de Bone Voyage Dog Rescue<\/h2>[\/et_pb_text][\/et_pb_column][\/et_pb_row][et_pb_row column_structure=\u00bb1_4,1_4,1_4,1_4&#8243; _builder_version=\u00bb4.20.2&#8243; _module_preset=\u00bbdefault\u00bb global_colors_info=\u00bb{}\u00bb][et_pb_column type=\u00bb1_4&#8243; _builder_version=\u00bb4.20.2&#8243; _module_preset=\u00bbdefault\u00bb global_colors_info=\u00bb{}\u00bb][et_pb_team_member name=\u00bbAnnette Thompson\u00bb position=\u00bbPresidente\u00bb image_url=\u00bbhttps:\/\/bonevoyagedogrescue.com\/wp-content\/uploads\/2023\/03\/annette-thompson-1.jpg\u00bb icon_color=\u00bb#0C71C3&#8243; _builder_version=\u00bb4.21.0&#8243; _module_preset=\u00bbdefault\u00bb header_level=\u00bbh3&#8243; header_text_align=\u00bbcenter\u00bb body_text_align=\u00bbleft\u00bb position_font=\u00bb|700|||||||\u00bb position_text_align=\u00bbcenter\u00bb width=\u00bb100%\u00bb width_tablet=\u00bb80%\u00bb width_phone=\u00bb75%\u00bb width_last_edited=\u00bbon|tablet\u00bb module_alignment=\u00bbcenter\u00bb border_radii_image=\u00bbon|20px|20px|20px|20px\u00bb box_shadow_style_image=\u00bbpreset5&#8243; box_shadow_horizontal_image=\u00bb-7px\u00bb box_shadow_vertical_image=\u00bb5px\u00bb box_shadow_spread_image=\u00bb5px\u00bb box_shadow_color_image=\u00bb#00be85&#8243; global_colors_info=\u00bb{}\u00bb max_width__hover_enabled=\u00bboff|desktop\u00bb]<p>Como director de Bone Voyage Dog Rescue, su misi\u00f3n es transportar en avi\u00f3n a m\u00e1s de 1,000 perros mexicanos sin hogar a hogares amorosos y socios de rescate en Estados Unidos y Canad\u00e1 cada a\u00f1o. La inquebrantable dedicaci\u00f3n y altruismo de Annette comenzaron hace a\u00f1os, cuando <a href=\"https:\/\/bonevoyagedogrescue.com\/annette-thompson-director\/\">fund\u00f3 y dirigi\u00f3 orfanatos y programas de adopci\u00f3n internacionales.<\/a><\/p>\n<p><a href=\"mailto:annette@bonevoyagedogrescue.com\"><span class=\"dashicons dashicons-email-alt\"><\/span><\/a><\/p>[\/et_pb_team_member][\/et_pb_column][et_pb_column type=\u00bb1_4&#8243; _builder_version=\u00bb4.20.2&#8243; _module_preset=\u00bbdefault\u00bb global_colors_info=\u00bb{}\u00bb][et_pb_team_member name=\u00bbTim Tierney\u00bb position=\u00bbTesorero\u00bb image_url=\u00bbhttps:\/\/bonevoyagedogrescue.com\/wp-content\/uploads\/2023\/03\/335461469_1274425569834297_7657359451345127176_n.jpg\u00bb icon_color=\u00bb#0C71C3&#8243; _builder_version=\u00bb4.20.2&#8243; _module_preset=\u00bbdefault\u00bb header_level=\u00bbh3&#8243; header_text_align=\u00bbcenter\u00bb body_text_align=\u00bbleft\u00bb position_font=\u00bb|700|||||||\u00bb position_text_align=\u00bbcenter\u00bb width=\u00bb100%\u00bb width_tablet=\u00bb80%\u00bb width_phone=\u00bb75%\u00bb width_last_edited=\u00bbon|tablet\u00bb module_alignment=\u00bbcenter\u00bb border_radii_image=\u00bbon|20px|20px|20px|20px\u00bb box_shadow_style_image=\u00bbpreset5&#8243; box_shadow_horizontal_image=\u00bb-7px\u00bb box_shadow_vertical_image=\u00bb5px\u00bb box_shadow_spread_image=\u00bb5px\u00bb box_shadow_color_image=\u00bb#00be85&#8243; global_colors_info=\u00bb{}\u00bb max_width__hover_enabled=\u00bboff|desktop\u00bb]Tim es un apasionado amante de los animales que ha encontrado su vocaci\u00f3n en Ajijic, M\u00e9xico. Como tesorero de Bone Voyage Dog Rescue, se pasa el d\u00eda rodeado de adorables amigos peludos, influyendo positivamente en sus vidas.\n\n<a href=\"mailto:tim@bonevoyagedogrescue.com\"><span class=\"dashicons dashicons-email-alt\"><\/span><\/a>[\/et_pb_team_member][\/et_pb_column][et_pb_column type=\u00bb1_4&#8243; _builder_version=\u00bb4.20.2&#8243; _module_preset=\u00bbdefault\u00bb global_colors_info=\u00bb{}\u00bb][et_pb_team_member name=\u00bbCarolyn Cothron\u00bb position=\u00bbDirector m\u00e9dico\u00bb image_url=\u00bbhttps:\/\/bonevoyagedogrescue.com\/wp-content\/uploads\/2023\/03\/carolyn.jpeg\u00bb icon_color=\u00bb#0C71C3&#8243; _builder_version=\u00bb4.20.2&#8243; _module_preset=\u00bbdefault\u00bb header_level=\u00bbh3&#8243; header_text_align=\u00bbcenter\u00bb body_text_align=\u00bbleft\u00bb position_font=\u00bb|700|||||||\u00bb position_text_align=\u00bbcenter\u00bb width=\u00bb100%\u00bb width_tablet=\u00bb80%\u00bb width_phone=\u00bb75%\u00bb width_last_edited=\u00bbon|tablet\u00bb module_alignment=\u00bbcenter\u00bb border_radii_image=\u00bbon|20px|20px|20px|20px\u00bb box_shadow_style_image=\u00bbpreset5&#8243; box_shadow_horizontal_image=\u00bb-7px\u00bb box_shadow_vertical_image=\u00bb5px\u00bb box_shadow_spread_image=\u00bb5px\u00bb box_shadow_color_image=\u00bb#00be85&#8243; global_colors_info=\u00bb{}\u00bb max_width__hover_enabled=\u00bboff|desktop\u00bb]<p>Carolyn es un miembro devoto de la comunidad de rescate canino que est\u00e1 marcando una verdadera diferencia en la vida de los perros sin hogar. Con su dedicaci\u00f3n inquebrantable y sus incansables esfuerzos por ayudar a dar cobijo, cuidados y amor a estos amigos peludos que han sido desatendidos y abandonados.<\/p>\n<p><a href=\"mailto:carolyn@bonevoyagedogrescue.com\"><span class=\"dashicons dashicons-email-alt\"><\/span><\/a><\/p>[\/et_pb_team_member][\/et_pb_column][et_pb_column type=\u00bb1_4&#8243; _builder_version=\u00bb4.20.2&#8243; _module_preset=\u00bbdefault\u00bb global_colors_info=\u00bb{}\u00bb][et_pb_team_member name=\u00bbPaula Morgan\u00bb position=\u00bbSecretario del Consejo\u00bb image_url=\u00bbhttps:\/\/bonevoyagedogrescue.com\/wp-content\/uploads\/2023\/03\/paula-morgan.jpg\u00bb icon_color=\u00bb#0C71C3&#8243; _builder_version=\u00bb4.20.2&#8243; _module_preset=\u00bbdefault\u00bb header_level=\u00bbh3&#8243; header_text_align=\u00bbcenter\u00bb body_text_align=\u00bbleft\u00bb position_font=\u00bb|700|||||||\u00bb position_text_align=\u00bbcenter\u00bb width=\u00bb100%\u00bb width_tablet=\u00bb80%\u00bb width_phone=\u00bb75%\u00bb width_last_edited=\u00bbon|tablet\u00bb module_alignment=\u00bbcenter\u00bb border_radii_image=\u00bbon|20px|20px|20px|20px\u00bb box_shadow_style_image=\u00bbpreset5&#8243; box_shadow_horizontal_image=\u00bb-7px\u00bb box_shadow_vertical_image=\u00bb5px\u00bb box_shadow_spread_image=\u00bb5px\u00bb box_shadow_color_image=\u00bb#00be85&#8243; global_colors_info=\u00bb{}\u00bb max_width__hover_enabled=\u00bboff|desktop\u00bb]<p>Saluda a Paula, un miembro amable y compasivo de la comunidad de Bone Voyage Dog Rescue. Con un coraz\u00f3n lleno de amor por los animales, han dedicado su tiempo y esfuerzo a ayudar a rescatar y cuidar perros sin hogar en Ajijic, M\u00e9xico. Como miembro valioso del equipo, trabajan incansablemente para garantizar que cada perro est\u00e9 seguro, feliz y bien cuidado.<\/p>\n<p><a href=\"mailto:paula@bonevoyagedogrescue.com\"><span class=\"dashicons dashicons-email-alt\"><\/span><\/a><\/p>[\/et_pb_team_member][\/et_pb_column][\/et_pb_row][\/et_pb_section][et_pb_section fb_built=\u00bb1&#8243; _builder_version=\u00bb4.19.3&#8243; _module_preset=\u00bbdefault\u00bb background_color=\u00bb#f7f9fc\u00bb custom_padding=\u00bb|||0px|true|false\u00bb global_colors_info=\u00bb{}\u00bb][et_pb_row module_id=\u00bbflight-angel-application\u00bb _builder_version=\u00bb4.19.3&#8243; _module_preset=\u00bbdefault\u00bb custom_padding=\u00bb||60px||false|false\u00bb locked=\u00bboff\u00bb global_colors_info=\u00bb{}\u00bb][et_pb_column type=\u00bb4_4&#8243; _builder_version=\u00bb4.19.3&#8243; _module_preset=\u00bbdefault\u00bb global_colors_info=\u00bb{}\u00bb][et_pb_text _builder_version=\u00bb4.21.0&#8243; _module_preset=\u00bbdefault\u00bb text_font=\u00bb||||||||\u00bb text_font_size=\u00bb22px\u00bb text_line_height=\u00bb2em\u00bb header_2_text_align=\u00bbcenter\u00bb header_2_font_size=\u00bb3.5rem\u00bb header_3_text_align=\u00bbcenter\u00bb header_3_font_size=\u00bb3rem\u00bb text_font_size_tablet=\u00bb22px\u00bb text_font_size_phone=\u00bb22px\u00bb text_font_size_last_edited=\u00bbon|tablet\u00bb header_2_font_size_tablet=\u00bb3.5rem\u00bb header_2_font_size_phone=\u00bb3rem\u00bb header_2_font_size_last_edited=\u00bbon|phone\u00bb header_3_text_align_tablet=\u00bbcenter\u00bb header_3_text_align_phone=\u00bbcenter\u00bb header_3_text_align_last_edited=\u00bbon|tablet\u00bb text_orientation_tablet=\u00bb\u00bb text_orientation_phone=\u00bbcenter\u00bb text_orientation_last_edited=\u00bbon|tablet\u00bb locked=\u00bboff\u00bb global_colors_info=\u00bb{}\u00bb]<h2>Por qu\u00e9 nos gusta Bone Voyage Dog Rescue<\/h2>\n<p style=\"text-align: center;\"><span>Creemos que todo el mundo se merece la mascota perfecta y estamos deseando ayudarle a unirse a su nuevo mejor amigo.<\/span><span><\/span><\/p>[\/et_pb_text][\/et_pb_column][\/et_pb_row][et_pb_row column_structure=\u00bb1_3,1_3,1_3&#8243; custom_padding_last_edited=\u00bbon|tablet\u00bb _builder_version=\u00bb4.19.3&#8243; _module_preset=\u00bbdefault\u00bb width_tablet=\u00bb100%\u00bb width_phone=\u00bb100%\u00bb width_last_edited=\u00bbon|tablet\u00bb module_alignment=\u00bbcenter\u00bb custom_padding_tablet=\u00bb||||false|false\u00bb custom_padding_phone=\u00bb||||false|false\u00bb locked=\u00bboff\u00bb global_colors_info=\u00bb{}\u00bb custom_css_main_element_last_edited=\u00bbon|phone\u00bb custom_css_main_element_tablet=\u00bbdisplay: flex;\u00bb custom_css_main_element_phone=\u00bbdisplay:block;\u00bb][et_pb_column type=\u00bb1_3&#8243; _builder_version=\u00bb4.19.1&#8243; _module_preset=\u00bbdefault\u00bb global_colors_info=\u00bb{}\u00bb][et_pb_blurb title=\u00bbAdopte\u00bb use_icon=\u00bbon\u00bb font_icon=\u00bb&#xf1b0;||fa||900&#8243; icon_color=\u00bb#004061&#8243; image_icon_width=\u00bb120px\u00bb image_icon_width_tablet=\u00bb100px\u00bb image_icon_width_phone=\u00bb100px\u00bb image_icon_width_last_edited=\u00bbon|phone\u00bb _builder_version=\u00bb4.20.1&#8243; _dynamic_attributes=\u00bblink_option_url\u00bb _module_preset=\u00bbdefault\u00bb header_level=\u00bbh1&#8243; header_font=\u00bbNunito|700||on|||||\u00bb header_font_size=\u00bb25px\u00bb text_orientation=\u00bbcenter\u00bb animation=\u00bboff\u00bb link_option_url=\u00bb@ET-DC@eyJkeW5hbWljIjp0cnVlLCJjb250ZW50IjoicG9zdF9saW5rX3VybF9wYWdlIiwic2V0dGluZ3MiOnsicG9zdF9pZCI6IjM4NjYifX0=@\u00bb header_font_size_tablet=\u00bb22px\u00bb header_font_size_phone=\u00bb22px\u00bb header_font_size_last_edited=\u00bbon|tablet\u00bb global_colors_info=\u00bb{}\u00bb custom_css_main_element_last_edited=\u00bbon|tablet\u00bb transform_styles__hover_enabled=\u00bbon|hover\u00bb transform_scale__hover_enabled=\u00bbon|hover\u00bb transform_translate__hover_enabled=\u00bbon|desktop\u00bb transform_rotate__hover_enabled=\u00bbon|desktop\u00bb transform_skew__hover_enabled=\u00bbon|desktop\u00bb transform_origin__hover_enabled=\u00bbon|desktop\u00bb transform_scale__hover=\u00bb105%|105%\u00bb][\/et_pb_blurb][\/et_pb_column][et_pb_column type=\u00bb1_3&#8243; _builder_version=\u00bb4.19.1&#8243; _module_preset=\u00bbdefault\u00bb global_colors_info=\u00bb{}\u00bb][et_pb_blurb title=\u00bbMosca\u00bb use_icon=\u00bbon\u00bb font_icon=\u00bb&#xf072;||fa||900&#8243; icon_color=\u00bb#004061&#8243; image_icon_width=\u00bb120px\u00bb image_icon_width_tablet=\u00bb100px\u00bb image_icon_width_phone=\u00bb100px\u00bb image_icon_width_last_edited=\u00bbon|phone\u00bb _builder_version=\u00bb4.20.1&#8243; _dynamic_attributes=\u00bblink_option_url\u00bb _module_preset=\u00bbdefault\u00bb header_font=\u00bbNunito|700||on|||||\u00bb header_font_size=\u00bb25px\u00bb text_orientation=\u00bbcenter\u00bb animation=\u00bboff\u00bb link_option_url=\u00bb@ET-DC@eyJkeW5hbWljIjp0cnVlLCJjb250ZW50IjoicG9zdF9saW5rX3VybF9wYWdlIiwic2V0dGluZ3MiOnsicG9zdF9pZCI6IjM4ODcifX0=@\u00bb global_colors_info=\u00bb{}\u00bb custom_css_main_element_last_edited=\u00bbon|tablet\u00bb transform_styles__hover_enabled=\u00bbon|hover\u00bb transform_scale__hover_enabled=\u00bbon|hover\u00bb transform_translate__hover_enabled=\u00bbon|desktop\u00bb transform_rotate__hover_enabled=\u00bbon|desktop\u00bb transform_skew__hover_enabled=\u00bbon|desktop\u00bb transform_origin__hover_enabled=\u00bbon|desktop\u00bb transform_scale__hover=\u00bb105%|105%\u00bb][\/et_pb_blurb][\/et_pb_column][et_pb_column type=\u00bb1_3&#8243; _builder_version=\u00bb4.19.1&#8243; _module_preset=\u00bbdefault\u00bb global_colors_info=\u00bb{}\u00bb][et_pb_blurb title=\u00bbFoster\u00bb use_icon=\u00bbon\u00bb font_icon=\u00bb&#xf004;||fa||900&#8243; icon_color=\u00bb#004061&#8243; image_icon_width=\u00bb120px\u00bb image_icon_width_tablet=\u00bb100px\u00bb image_icon_width_phone=\u00bb100px\u00bb image_icon_width_last_edited=\u00bbon|phone\u00bb _builder_version=\u00bb4.20.1&#8243; _dynamic_attributes=\u00bblink_option_url\u00bb _module_preset=\u00bbdefault\u00bb header_font=\u00bbNunito|700||on|||||\u00bb header_font_size=\u00bb25px\u00bb text_orientation=\u00bbcenter\u00bb animation=\u00bboff\u00bb link_option_url=\u00bb@ET-DC@eyJkeW5hbWljIjp0cnVlLCJjb250ZW50IjoicG9zdF9saW5rX3VybF9wYWdlIiwic2V0dGluZ3MiOnsicG9zdF9pZCI6IjM2MDUifX0=@\u00bb global_colors_info=\u00bb{}\u00bb custom_css_main_element_last_edited=\u00bbon|tablet\u00bb transform_styles__hover_enabled=\u00bbon|hover\u00bb transform_scale__hover_enabled=\u00bbon|hover\u00bb transform_translate__hover_enabled=\u00bbon|desktop\u00bb transform_rotate__hover_enabled=\u00bbon|desktop\u00bb transform_skew__hover_enabled=\u00bbon|desktop\u00bb transform_origin__hover_enabled=\u00bbon|desktop\u00bb transform_scale__hover=\u00bb105%|105%\u00bb][\/et_pb_blurb][\/et_pb_column][\/et_pb_row][\/et_pb_section]\n","protected":false},"excerpt":{"rendered":"<p>Rescate canino Bone VoyageEl BVDR es una organizaci\u00f3n sin \u00e1nimo de lucro dirigida por jubilados estadounidenses y canadienses. Ayudamos a rescatar perros mexicanos y a encontrarles familias adoptivas en Estados Unidos y Canad\u00e1. Gracias a los cari\u00f1osos cuidados de acogida, la atenci\u00f3n veterinaria y los servicios de transporte, los perros del BVDR tienen un futuro [&hellip;]<\/p>\n","protected":false},"author":5,"featured_media":0,"parent":0,"menu_order":0,"comment_status":"closed","ping_status":"closed","template":"","meta":{"_et_pb_use_builder":"on","_et_pb_old_content":"","_et_gb_content_width":"","footnotes":""},"class_list":["post-14261","page","type-page","status-publish","hentry"],"_links":{"self":[{"href":"https:\/\/bonevoyagedogrescue.com\/es\/wp-json\/wp\/v2\/pages\/14261","targetHints":{"allow":["GET"]}}],"collection":[{"href":"https:\/\/bonevoyagedogrescue.com\/es\/wp-json\/wp\/v2\/pages"}],"about":[{"href":"https:\/\/bonevoyagedogrescue.com\/es\/wp-json\/wp\/v2\/types\/page"}],"author":[{"embeddable":true,"href":"https:\/\/bonevoyagedogrescue.com\/es\/wp-json\/wp\/v2\/users\/5"}],"replies":[{"embeddable":true,"href":"https:\/\/bonevoyagedogrescue.com\/es\/wp-json\/wp\/v2\/comments?post=14261"}],"version-history":[{"count":0,"href":"https:\/\/bonevoyagedogrescue.com\/es\/wp-json\/wp\/v2\/pages\/14261\/revisions"}],"wp:attachment":[{"href":"https:\/\/bonevoyagedogrescue.com\/es\/wp-json\/wp\/v2\/media?parent=14261"}],"curies":[{"name":"wp","href":"https:\/\/api.w.org\/{rel}","templated":true}]}}