{"id":14257,"date":"2023-01-07T09:59:17","date_gmt":"2023-01-07T15:59:17","guid":{"rendered":"https:\/\/bonevoyagedogrescue.com\/perros-en-adopcion\/"},"modified":"2023-05-20T09:55:35","modified_gmt":"2023-05-20T14:55:35","slug":"perros-en-adopcion","status":"publish","type":"page","link":"https:\/\/bonevoyagedogrescue.com\/es\/perros-en-adopcion\/","title":{"rendered":"Perros en adopci\u00f3n"},"content":{"rendered":"\n[et_pb_section fb_built=\u00bb1&#8243; fullwidth=\u00bbon\u00bb _builder_version=\u00bb4.19.4&#8243; _module_preset=\u00bbdefault\u00bb bottom_divider_style=\u00bbwave2&#8243; bottom_divider_color=\u00bb#aadecd\u00bb bottom_divider_height=\u00bb80px\u00bb bottom_divider_repeat=\u00bb1x\u00bb bottom_divider_flip=\u00bbhorizontal\u00bb global_colors_info=\u00bb{}\u00bb][et_pb_fullwidth_header title=\u00bbPerros en adopci\u00f3n: Conozca a su nuevo miembro peludo de la familia\u00bb text_orientation=\u00bbcenter\u00bb background_overlay_color=\u00bbrgba(0,69,96,0.19)\u00bb _builder_version=\u00bb4.21.0&#8243; _module_preset=\u00bbdefault\u00bb title_font=\u00bb|700|||||||\u00bb title_font_size=\u00bb4.5rem\u00bb title_letter_spacing=\u00bb2px\u00bb title_line_height=\u00bb1.1em\u00bb background_color=\u00bb#aadecd\u00bb background_image=\u00bbhttps:\/\/bonevoyagedogrescue.com\/wp-content\/uploads\/2023\/05\/bvdr-adoptions-banner.webp\u00bb background_position=\u00bbbottom_center\u00bb background_vertical_offset=\u00bb-10%\u00bb custom_padding=\u00bb||||true|false\u00bb custom_padding_tablet=\u00bb||||true|false\u00bb custom_padding_phone=\u00bb||||true|false\u00bb custom_padding_last_edited=\u00bbon|phone\u00bb title_font_size_tablet=\u00bb3.5em\u00bb title_font_size_phone=\u00bb3rem\u00bb title_font_size_last_edited=\u00bbon|tablet\u00bb background_last_edited=\u00bbon|tablet\u00bb background_size_tablet=\u00bbcover\u00bb background_size_phone=\u00bbcover\u00bb background_position_tablet=\u00bbcenter\u00bb background_position_phone=\u00bbcenter\u00bb background_horizontal_offset_phone=\u00bb30%\u00bb background_vertical_offset_phone=\u00bb45%\u00bb background_repeat_tablet=\u00bbrepeat\u00bb title_text_shadow_style=\u00bbpreset1&#8243; global_colors_info=\u00bb{}\u00bb][\/et_pb_fullwidth_header][\/et_pb_section][et_pb_section fb_built=\u00bb1&#8243; admin_label=\u00bbSection\u00bb _builder_version=\u00bb4.19.5&#8243; _module_preset=\u00bbdefault\u00bb background_image=\u00bbhttps:\/\/bonevoyagedogrescue.com\/wp-content\/uploads\/2023\/02\/Group-6-Copy-15-1.svg\u00bb background_size=\u00bbcustom\u00bb background_image_width=\u00bb700px\u00bb background_image_height=\u00bb700px\u00bb background_position=\u00bbcenter_left\u00bb background_horizontal_offset=\u00bb-30%\u00bb custom_margin=\u00bb||||true|false\u00bb custom_padding=\u00bb0px||0px||false|false\u00bb top_divider_style=\u00bbwave2&#8243; top_divider_color=\u00bb#aadecd\u00bb top_divider_height=\u00bb60px\u00bb top_divider_repeat=\u00bb2x\u00bb top_divider_flip=\u00bbhorizontal\u00bb background_last_edited=\u00bbon|tablet\u00bb background_enable_image_tablet=\u00bboff\u00bb locked=\u00bboff\u00bb global_colors_info=\u00bb{}\u00bb][et_pb_row _builder_version=\u00bb4.19.3&#8243; _module_preset=\u00bbdefault\u00bb custom_padding=\u00bb||0px||false|false\u00bb global_colors_info=\u00bb{}\u00bb][et_pb_column type=\u00bb4_4&#8243; _builder_version=\u00bb4.19.1&#8243; _module_preset=\u00bbdefault\u00bb global_colors_info=\u00bb{}\u00bb][et_pb_text _builder_version=\u00bb4.21.0&#8243; _module_preset=\u00bbdefault\u00bb text_font=\u00bb||||||||\u00bb text_font_size=\u00bb21px\u00bb header_3_font_size=\u00bb3rem\u00bb text_orientation=\u00bbcenter\u00bb custom_margin=\u00bb50px||||false|false\u00bb custom_padding=\u00bb0px|||||\u00bb hover_enabled=\u00bb0&#8243; locked=\u00bboff\u00bb global_colors_info=\u00bb{}\u00bb sticky_enabled=\u00bb0&#8243;]<h2 style=\"text-align: center;\"><span style=\"font-weight: 400;\"><span>\u00danase a nosotros en el viaje del rescate de perros<\/span><br><\/span><span style=\"font-weight: 400;\"><\/span><\/h2>\n<p style=\"text-align: left;\">En Bone Voyage Dog Rescue, nos comprometemos a rescatar perros y colocarlos en hogares amorosos para siempre. Llevamos perros adoptados a Vancouver, Montreal, Toronto, Seattle, Portland y cualquier otra ciudad a la que podamos llegar con la ayuda de nuestros \u00e1ngeles de vuelo. Con tantos animales esperando un hogar definitivo, su decisi\u00f3n de adoptar marca una gran diferencia.<\/p>[\/et_pb_text][et_pb_code raw_content_tablet=\u00bb\u00bb raw_content_phone=\u00bb<iframe src='https:\/\/awo.petstablished.com\/organization\/1612976\/widget\/dogs' height='15000px' width='100%' style='height: 15000px; width: 100%;'><\/iframe>\u00bb raw_content_last_edited=\u00bbon|phone\u00bb _builder_version=\u00bb4.19.3&#8243; _module_preset=\u00bbdefault\u00bb custom_padding=\u00bb0px||0px||true|false\u00bb global_colors_info=\u00bb{}\u00bb]<iframe loading=\"lazy\" src=\"https:\/\/awo.petstablished.com\/organization\/1612976\/widget\/dogs\" height=\"5900px\" width=\"100%\" style=\"height: 5900px; width: 100%;\"><\/iframe>[\/et_pb_code][\/et_pb_column][\/et_pb_row][\/et_pb_section][et_pb_section fb_built=\u00bb1&#8243; _builder_version=\u00bb4.20.1&#8243; _module_preset=\u00bbdefault\u00bb background_color=\u00bb#aaddce\u00bb background_enable_image=\u00bboff\u00bb background_size=\u00bbcustom\u00bb background_image_width=\u00bb700px\u00bb background_image_height=\u00bb700px\u00bb background_position=\u00bbcenter_left\u00bb background_horizontal_offset=\u00bb-25%\u00bb custom_padding=\u00bb70px||100px||false|false\u00bb top_divider_style=\u00bbwave\u00bb top_divider_color=\u00bb#FFFFFF\u00bb top_divider_height=\u00bb80px\u00bb bottom_divider_style=\u00bbwave\u00bb bottom_divider_color=\u00bb#FFFFFF\u00bb bottom_divider_flip=\u00bbhorizontal\u00bb background_last_edited=\u00bbon|phone\u00bb background_enable_color_tablet=\u00bboff\u00bb background_enable_image_phone=\u00bboff\u00bb background_image_width_tablet=\u00bb400px\u00bb background_image_height_tablet=\u00bb400px\u00bb background_position_tablet=\u00bbcenter_left\u00bb background_horizontal_offset_tablet=\u00bb-57%\u00bb global_colors_info=\u00bb{}\u00bb][et_pb_row _builder_version=\u00bb4.19.3&#8243; _module_preset=\u00bbdefault\u00bb custom_padding=\u00bb0px||0px||true|false\u00bb global_colors_info=\u00bb{}\u00bb][et_pb_column type=\u00bb4_4&#8243; _builder_version=\u00bb4.19.3&#8243; _module_preset=\u00bbdefault\u00bb global_colors_info=\u00bb{}\u00bb][et_pb_text _builder_version=\u00bb4.21.0&#8243; _module_preset=\u00bbdefault\u00bb text_font=\u00bb||||||||\u00bb text_font_size=\u00bb22px\u00bb text_line_height=\u00bb2em\u00bb header_line_height=\u00bb3em\u00bb header_3_font_size=\u00bb3rem\u00bb text_orientation=\u00bbcenter\u00bb custom_padding=\u00bb0px||0px||true|\u00bb hover_enabled=\u00bb0&#8243; locked=\u00bboff\u00bb global_colors_info=\u00bb{}\u00bb sticky_enabled=\u00bb0&#8243;]<h3><span style=\"font-weight: 400;\"><br>Queremos a nuestros adoptantes<\/span><span style=\"font-weight: 400;\"><\/span><\/h3>\n<p><span style=\"font-weight: 400;\"><\/span><br>T\u00f3mese su tiempo para rellenar nuestra solicitud de adopci\u00f3n con el mayor detalle posible. Su informaci\u00f3n nos ayuda a conocerle mejor y a garantizar que nuestros perros de rescate encuentren la mejor combinaci\u00f3n posible para usted y para las necesidades y personalidades de su cachorro. Adoptar un animal de compa\u00f1\u00eda es una decisi\u00f3n importante, y queremos ayudarte a encontrar a tu nuevo mejor amigo.  <\/p>[\/et_pb_text][et_pb_button button_url=\u00bbhttps:\/\/petstablished.com\/adoption_form\/27804\/generic\u00bb url_new_window=\u00bbon\u00bb button_text=\u00bbSolicitud de adopci\u00f3n\u00bb button_alignment=\u00bbcenter\u00bb _builder_version=\u00bb4.19.5&#8243; _module_preset=\u00bbdefault\u00bb custom_button=\u00bbon\u00bb button_text_size=\u00bb22px\u00bb button_text_color=\u00bb#000000&#8243; button_bg_color=\u00bb#00be85&#8243; button_border_color=\u00bbRGBA(255,255,255,0)\u00bb button_border_radius=\u00bb15px\u00bb button_font=\u00bb|700|||||||\u00bb button_icon=\u00bb&#xf298;||fa||400&#8243; button_icon_color=\u00bb#000000&#8243; button_icon_placement=\u00bbleft\u00bb button_on_hover=\u00bboff\u00bb custom_margin=\u00bb50px||50px||true|false\u00bb box_shadow_style=\u00bbpreset4&#8243; box_shadow_horizontal=\u00bb0px\u00bb box_shadow_vertical=\u00bb3px\u00bb locked=\u00bboff\u00bb global_colors_info=\u00bb{}\u00bb box_shadow_vertical__hover_enabled=\u00bbon|desktop\u00bb box_shadow_vertical__hover=\u00bb6px\u00bb button_bg_color__hover_enabled=\u00bbon|desktop\u00bb button_bg_enable_color__hover=\u00bbon\u00bb button_bg_color__hover=\u00bb#00e0a8&#8243; button_icon_color__hover_enabled=\u00bboff|desktop\u00bb][\/et_pb_button][\/et_pb_column][\/et_pb_row][\/et_pb_section][et_pb_section fb_built=\u00bb1&#8243; _builder_version=\u00bb4.19.5&#8243; _module_preset=\u00bbdefault\u00bb background_image=\u00bbhttps:\/\/bonevoyagedogrescue.com\/wp-content\/uploads\/2023\/02\/Group-6-Copy-15-1.svg\u00bb background_size=\u00bbcustom\u00bb background_image_width=\u00bb700px\u00bb background_image_height=\u00bb700px\u00bb background_position=\u00bbcenter_right\u00bb background_horizontal_offset=\u00bb-30%\u00bb custom_padding=\u00bb0px||||false|false\u00bb background_last_edited=\u00bbon|tablet\u00bb background_enable_image_tablet=\u00bboff\u00bb global_colors_info=\u00bb{}\u00bb][et_pb_row _builder_version=\u00bb4.19.3&#8243; _module_preset=\u00bbdefault\u00bb global_colors_info=\u00bb{}\u00bb][et_pb_column type=\u00bb4_4&#8243; _builder_version=\u00bb4.19.3&#8243; _module_preset=\u00bbdefault\u00bb global_colors_info=\u00bb{}\u00bb][et_pb_text _builder_version=\u00bb4.21.0&#8243; _module_preset=\u00bbdefault\u00bb text_font=\u00bbNunito||||||||\u00bb text_font_size=\u00bb23px\u00bb text_line_height=\u00bb1.3em\u00bb header_font_size=\u00bb3rem\u00bb header_3_font_size=\u00bb3rem\u00bb custom_margin=\u00bb||||false|false\u00bb custom_padding=\u00bb0px||30px||false|false\u00bb hover_enabled=\u00bb0&#8243; text_orientation_tablet=\u00bb\u00bb text_orientation_phone=\u00bb\u00bb text_orientation_last_edited=\u00bbon|desktop\u00bb locked=\u00bboff\u00bb global_colors_info=\u00bb{}\u00bb sticky_enabled=\u00bb0&#8243;]<h2 style=\"text-align: center;\">Tarifas de adopci\u00f3n de perros<\/h2>\n<p>Bone Voyage Dog Rescue tiene cuotas de adopci\u00f3n para ayudar a cubrir el costo de la atenci\u00f3n veterinaria, incluyendo cirug\u00edas de esterilizaci\u00f3n y castraci\u00f3n y el costo de maintaing nuestro rescate basado en acogida y refugios para perros. Probamos todos los perros para Heartworm, Ehrlichea, y Anaplasma. Las adopciones locales en M\u00e9xico cuestan $100 USD y adoptar <a href=\"https:\/\/bonevoyagedogrescue.com\/the-ultimate-guide-to-adopting-a-dog\/\">un perro<\/a> en EE.UU. y Canad\u00e1 cuesta $600 USD.<\/p>\n<p>Esta tarifa lo cubre todo, incluido nuestro vuelo con su perro hasta el aeropuerto. Adem\u00e1s de la cuota de adopci\u00f3n, las donaciones son siempre bienvenidas.<\/p>\n<p><quillbot-extension-portal><\/quillbot-extension-portal><\/p>[\/et_pb_text][et_pb_pricing_tables _builder_version=\u00bb4.20.4&#8243; _module_preset=\u00bbdefault\u00bb header_level=\u00bbh3&#8243; header_font=\u00bbNunito|600|||||||\u00bb body_font=\u00bb||||||||\u00bb body_font_size=\u00bb17px\u00bb price_font_size_tablet=\u00bb\u00bb price_font_size_phone=\u00bb60px\u00bb price_font_size_last_edited=\u00bbon|phone\u00bb locked=\u00bboff\u00bb global_colors_info=\u00bb{}\u00bb][et_pb_pricing_table title=\u00bbAdopciones locales en M\u00e9xico\u00bb subtitle=\u00bb(Lakeside)\u00bb currency=\u00bb$\u00bb sum=\u00bb100&#8243; bullet_color=\u00bb#156290&#8243; _builder_version=\u00bb4.20.4&#8243; _module_preset=\u00bbdefault\u00bb currency_frequency_font=\u00bb||||||||\u00bb currency_frequency_text_color=\u00bb#000000&#8243; currency_frequency_font_size=\u00bb18px\u00bb global_colors_info=\u00bb{}\u00bb sticky_transition=\u00bbon\u00bb]<p>+ Pruebas de detecci\u00f3n del gusano del coraz\u00f3n, ehrlichea y anaplasma<br>+ Tasa de realojamiento<br>+ Gastos de acogida<br>+ <span style=\"font-weight: 400;\">Comida, agua, golosinas, juguetes<\/span><br>+ <span style=\"font-weight: 400;\">Gastos veterinarios<\/span><br>+ <span style=\"font-weight: 400;\">Gastos de transporte<\/span><br>+ <span style=\"font-weight: 400;\">Gastos de refugio<\/span><\/p>[\/et_pb_pricing_table][et_pb_pricing_table featured=\u00bbon\u00bb title=\u00bbAdopciones en EE.UU. y Canad\u00e1\u00bb currency=\u00bb$\u00bb sum=\u00bb600&#8243; bullet_color=\u00bb#156290&#8243; _builder_version=\u00bb4.20.4&#8243; _module_preset=\u00bbdefault\u00bb currency_frequency_font=\u00bb||||||||\u00bb currency_frequency_text_color=\u00bb#000000&#8243; currency_frequency_font_size=\u00bb18px\u00bb global_colors_info=\u00bb{}\u00bb sticky_transition=\u00bbon\u00bb]<p><span style=\"text-decoration: none !important;\">Seleccione entre cachorros de m\u00e1s de 44 lbs, de menos de 44 lbs, de m\u00e1s de 8 meses y de menos de 8 meses.<\/span><br>+ Pruebas de detecci\u00f3n del gusano del coraz\u00f3n, ehrlichea y anaplasma<br>+ Tasa de realojamiento<br>+ Gastos de acogida<br>+ <span style=\"font-weight: 400;\">Comida, agua, golosinas, juguetes<\/span><br>+ <span style=\"font-weight: 400;\">Gastos veterinarios<\/span><br>+ <span style=\"font-weight: 400;\">Gastos de transporte<\/span><br>+ <span style=\"font-weight: 400;\">Gastos de refugio<\/span><\/p>[\/et_pb_pricing_table][\/et_pb_pricing_tables][et_pb_text _builder_version=\u00bb4.20.4&#8243; _module_preset=\u00bbdefault\u00bb text_font=\u00bbNunito||||||||\u00bb text_font_size=\u00bb23px\u00bb text_line_height=\u00bb1.3em\u00bb header_font_size=\u00bb3rem\u00bb header_3_font_size=\u00bb3rem\u00bb text_orientation=\u00bbcenter\u00bb custom_margin=\u00bb40px||30px||false|false\u00bb custom_padding=\u00bb0px||0px||true|\u00bb locked=\u00bboff\u00bb global_colors_info=\u00bb{}\u00bb]<p>\u00bfQuiere saber m\u00e1s? P\u00f3ngase en contacto con nosotros por correo electr\u00f3nico en <span style=\"text-decoration: underline;\">\n  <a href=\"mailto:adoption@bonevoyagedogrescue.com\">adoption@bonevoyagedogrescue.com<\/a>\n<\/span><\/p>\n<p>S\u00edganos en <span style=\"text-decoration: underline;\">\n  <a href=\"https:\/\/www.facebook.com\/groups\/bonevoyage\/\" target=\"_blank\" rel=\"noopener\">Facebook<\/a>\n<\/span> para recibir actualizaciones frecuentes sobre perros disponibles e informaci\u00f3n sobre adopci\u00f3n.<\/p>\n<p><quillbot-extension-portal><\/quillbot-extension-portal><\/p>[\/et_pb_text][\/et_pb_column][\/et_pb_row][\/et_pb_section][et_pb_section fb_built=\u00bb1&#8243; admin_label=\u00bbSection\u00bb _builder_version=\u00bb4.19.4&#8243; _module_preset=\u00bbdefault\u00bb background_color=\u00bb#aaddce\u00bb background_enable_image=\u00bboff\u00bb background_size=\u00bbcustom\u00bb background_image_width=\u00bb700px\u00bb background_image_height=\u00bb700px\u00bb background_position=\u00bbcenter_left\u00bb background_horizontal_offset=\u00bb-25%\u00bb top_divider_style=\u00bbwave\u00bb top_divider_color=\u00bb#f7f9fc\u00bb top_divider_height=\u00bb80px\u00bb bottom_divider_style=\u00bbwave\u00bb bottom_divider_color=\u00bb#FFFFFF\u00bb bottom_divider_flip=\u00bbhorizontal\u00bb background_last_edited=\u00bbon|phone\u00bb background_enable_color_tablet=\u00bboff\u00bb background_enable_image_phone=\u00bboff\u00bb background_image_width_tablet=\u00bb400px\u00bb background_image_height_tablet=\u00bb400px\u00bb background_position_tablet=\u00bbcenter_left\u00bb background_horizontal_offset_tablet=\u00bb-57%\u00bb background_vertical_offset_tablet=\u00bb18%\u00bb global_colors_info=\u00bb{}\u00bb theme_builder_area=\u00bbpost_content\u00bb][et_pb_row use_custom_gutter=\u00bbon\u00bb _builder_version=\u00bb4.19.4&#8243; _module_preset=\u00bbdefault\u00bb width=\u00bb100%\u00bb width_tablet=\u00bb100%\u00bb width_phone=\u00bb80%\u00bb width_last_edited=\u00bbon|phone\u00bb max_width=\u00bb90%\u00bb custom_margin=\u00bb20px||20px||true|false\u00bb custom_margin_tablet=\u00bb20px||20px||true|false\u00bb custom_margin_phone=\u00bb20px||20px||true|false\u00bb custom_margin_last_edited=\u00bbon|desktop\u00bb locked=\u00bboff\u00bb global_colors_info=\u00bb{}\u00bb theme_builder_area=\u00bbpost_content\u00bb][et_pb_column type=\u00bb4_4&#8243; _builder_version=\u00bb4.19.0&#8243; _module_preset=\u00bbdefault\u00bb global_colors_info=\u00bb{}\u00bb theme_builder_area=\u00bbpost_content\u00bb][et_pb_text _builder_version=\u00bb4.21.0&#8243; _module_preset=\u00bbdefault\u00bb text_font=\u00bbNunito||||||||\u00bb text_text_color=\u00bb#FFFFFF\u00bb text_font_size=\u00bb18px\u00bb header_2_font_size=\u00bb3rem\u00bb header_2_letter_spacing=\u00bb2px\u00bb header_2_line_height=\u00bb1.1em\u00bb header_3_text_color=\u00bb#005a8e\u00bb header_3_font_size=\u00bb3rem\u00bb text_orientation=\u00bbcenter\u00bb custom_padding=\u00bb0px|||||\u00bb hover_enabled=\u00bb0&#8243; header_2_font_size_tablet=\u00bb\u00bb header_2_font_size_phone=\u00bb2.5rem\u00bb header_2_font_size_last_edited=\u00bbon|phone\u00bb header_3_font_size_tablet=\u00bb3rem\u00bb header_3_font_size_phone=\u00bb2.5rem\u00bb header_3_font_size_last_edited=\u00bbon|phone\u00bb global_colors_info=\u00bb{}\u00bb theme_builder_area=\u00bbpost_content\u00bb sticky_enabled=\u00bb0&#8243;]<h2>Me sent\u00eda solo hasta que adopt\u00e9 a mi perra Lolly<\/h2>[\/et_pb_text][et_pb_blurb image=\u00bbhttps:\/\/bonevoyagedogrescue.com\/wp-content\/uploads\/2023\/05\/317666624_10167364795610161_2707851412160764007_n.jpg\u00bb alt=\u00bbbone voyage dog rescue\u00bb icon_placement=\u00bbleft\u00bb image_icon_width=\u00bb300px\u00bb content_max_width=\u00bb90%\u00bb icon_placement_tablet=\u00bbtop\u00bb icon_placement_phone=\u00bbtop\u00bb icon_placement_last_edited=\u00bbon|tablet\u00bb image_icon_width_tablet=\u00bb250px\u00bb image_icon_width_phone=\u00bb250px\u00bb image_icon_width_last_edited=\u00bbon|tablet\u00bb content_max_width_tablet=\u00bb70%\u00bb content_max_width_phone=\u00bb100%\u00bb content_max_width_last_edited=\u00bbon|tablet\u00bb _builder_version=\u00bb4.21.0&#8243; _module_preset=\u00bbdefault\u00bb body_text_align=\u00bbleft\u00bb body_font_size=\u00bb17px\u00bb body_link_text_color=\u00bb#0C71C3&#8243; image_icon_custom_margin=\u00bb|50px|||false|false\u00bb image_icon_custom_margin_tablet=\u00bb|150px||150px|false|true\u00bb image_icon_custom_margin_phone=\u00bb|50px||50px|false|true\u00bb image_icon_custom_margin_last_edited=\u00bbon|phone\u00bb image_icon_custom_padding=\u00bb||||true|true\u00bb text_orientation=\u00bbcenter\u00bb custom_margin=\u00bb||||false|false\u00bb custom_padding=\u00bb||||false|false\u00bb animation=\u00bboff\u00bb hover_enabled=\u00bb0&#8243; body_letter_spacing_tablet=\u00bb\u00bb body_letter_spacing_phone=\u00bb0px\u00bb body_letter_spacing_last_edited=\u00bbon|phone\u00bb body_line_height_tablet=\u00bb1.8em\u00bb body_line_height_phone=\u00bb1.8em\u00bb body_line_height_last_edited=\u00bbon|phone\u00bb text_orientation_tablet=\u00bbcenter\u00bb text_orientation_phone=\u00bbleft\u00bb text_orientation_last_edited=\u00bbon|phone\u00bb border_radii_image=\u00bbon|25px|25px|25px|25px\u00bb box_shadow_style_image=\u00bbpreset5&#8243; box_shadow_horizontal_image=\u00bb-10px\u00bb box_shadow_vertical_image=\u00bb10px\u00bb box_shadow_spread_image=\u00bb0px\u00bb box_shadow_color_image=\u00bb#00be85&#8243; global_colors_info=\u00bb{}\u00bb transform_styles__hover_enabled=\u00bbon|hover\u00bb transform_scale__hover_enabled=\u00bbon|hover\u00bb transform_translate__hover_enabled=\u00bbon|desktop\u00bb transform_rotate__hover_enabled=\u00bbon|desktop\u00bb transform_skew__hover_enabled=\u00bbon|desktop\u00bb transform_origin__hover_enabled=\u00bbon|desktop\u00bb theme_builder_area=\u00bbpost_content\u00bb title_text=\u00bb317666624_10167364795610161_2707851412160764007_n\u00bb sticky_enabled=\u00bb0&#8243;]<p><span style=\"font-size: 35px; font-family: Arial; line-height: 1;\">\n  <b>\u00ab<\/b>\n<\/span> Me sent\u00eda sola tras la muerte de mi pareja, as\u00ed que decid\u00ed adoptar una mascota. No quer\u00eda comprar a un criador. Quer\u00eda salvar la vida de un animal. Petfinder.com me llev\u00f3 al sitio web de Lollly y Bone Voyage. Me sorprendi\u00f3 el n\u00famero de mascotas adoptables. Hab\u00eda una selecci\u00f3n de perros tan grande en comparaci\u00f3n con mis refugios locales. Los expertos y voluntarios de Bone Voyage respondieron encantados a todas mis preguntas y me guiaron en todo lo que necesitaba saber.<\/p>\n<p>El proceso de adopci\u00f3n fue fluido. Ten\u00edan perros peque\u00f1os, medianos y grandes, tanto cachorros j\u00f3venes como perros mayores de todas las razas y mezclas. Una joven mezcla de chihuahua llamada Lolly (Lolipop) me llam\u00f3 la atenci\u00f3n y supe que era la elegida. Al d\u00eda siguiente habl\u00e9 con su madre de acogida por tel\u00e9fono y videochat para conocer mejor a Lolly.<\/p>\n<p style=\"text-align: left;\">Un par de d\u00edas despu\u00e9s aprobaron mi solicitud, firm\u00e9 los papeles de adopci\u00f3n de Lolly en l\u00ednea y dos semanas m\u00e1s tarde se fij\u00f3 la fecha para que un \u00e1ngel de vuelo me la trajera al estado de Washington.  <\/p>\n<p>Un a\u00f1o despu\u00e9s, no puedo imaginarme la vida sin Lolly y estoy pensando en adoptar un hermano o hermana para ella. Es mi mejor amiga y le da amor y sentido a mi vida. Insto a todos los adoptantes que est\u00e9n listos para una mascota a que consulten el sitio web de Bone Voyage.<span style=\"font-size: 35px; font-family: Arial; line-height: 1;\"><b>\u00ab<\/b><\/span><\/p>\n<p style=\"text-align: center;\"><span style=\"font-family: Arial; line-height: 1;\"><b>Mollie Williams<\/b><br><em>Adoptante de Bone Voyage Dog Rescue<\/em><\/span><\/p>[\/et_pb_blurb][\/et_pb_column][\/et_pb_row][\/et_pb_section]\n","protected":false},"excerpt":{"rendered":"<p>\u00danase a nosotros en el viaje del rescate de perros En Bone Voyage Dog Rescue, nos comprometemos a rescatar perros y colocarlos en hogares amorosos para siempre. Llevamos perros adoptados a Vancouver, Montreal, Toronto, Seattle, Portland y cualquier otra ciudad a la que podamos llegar con la ayuda de nuestros \u00e1ngeles de vuelo. Con tantos [&hellip;]<\/p>\n","protected":false},"author":5,"featured_media":0,"parent":0,"menu_order":0,"comment_status":"closed","ping_status":"closed","template":"","meta":{"_et_pb_use_builder":"on","_et_pb_old_content":"","_et_gb_content_width":"","footnotes":""},"class_list":["post-14257","page","type-page","status-publish","hentry"],"_links":{"self":[{"href":"https:\/\/bonevoyagedogrescue.com\/es\/wp-json\/wp\/v2\/pages\/14257","targetHints":{"allow":["GET"]}}],"collection":[{"href":"https:\/\/bonevoyagedogrescue.com\/es\/wp-json\/wp\/v2\/pages"}],"about":[{"href":"https:\/\/bonevoyagedogrescue.com\/es\/wp-json\/wp\/v2\/types\/page"}],"author":[{"embeddable":true,"href":"https:\/\/bonevoyagedogrescue.com\/es\/wp-json\/wp\/v2\/users\/5"}],"replies":[{"embeddable":true,"href":"https:\/\/bonevoyagedogrescue.com\/es\/wp-json\/wp\/v2\/comments?post=14257"}],"version-history":[{"count":0,"href":"https:\/\/bonevoyagedogrescue.com\/es\/wp-json\/wp\/v2\/pages\/14257\/revisions"}],"wp:attachment":[{"href":"https:\/\/bonevoyagedogrescue.com\/es\/wp-json\/wp\/v2\/media?parent=14257"}],"curies":[{"name":"wp","href":"https:\/\/api.w.org\/{rel}","templated":true}]}}